{"id":5357,"date":"2021-07-19T11:51:20","date_gmt":"2021-07-19T09:51:20","guid":{"rendered":"https:\/\/praga.org\/?page_id=5357"},"modified":"2022-11-21T16:44:23","modified_gmt":"2022-11-21T15:44:23","slug":"informacion-util","status":"publish","type":"page","link":"https:\/\/praga.org\/es\/informacion-util\/","title":{"rendered":"Informaci\u00f3n \u00fatil"},"content":{"rendered":"\n\n\n\n<div class=\"wp-block-query is-layout-flow wp-block-query-is-layout-flow\"><ul class=\"wp-block-post-template is-layout-flow wp-block-post-template-is-layout-flow\"><li class=\"wp-block-post post-5001 post type-post status-publish format-standard has-post-thumbnail category-informacion-util\">\n\n<div class=\"wp-block-columns are-vertically-aligned-center is-layout-flex wp-container-core-columns-layout-1 wp-block-columns-is-layout-flex\">\n<div class=\"wp-block-column is-vertically-aligned-center is-layout-flow wp-block-column-is-layout-flow\" style=\"flex-basis:25%\"><figure class=\"wp-block-post-featured-image\"><a href=\"https:\/\/praga.org\/es\/cuando-ir-a-praga-el-periodo-mejor\/\" target=\"_self\"  ><img decoding=\"async\" width=\"750\" height=\"500\" src=\"https:\/\/praga.org\/wp-content\/uploads\/2017\/03\/quando-andare-a-praga.jpg\" class=\"attachment-post-thumbnail size-post-thumbnail wp-post-image\" alt=\"Cuando ir a Praga: el periodo mejor\" style=\"object-fit:cover;\" srcset=\"https:\/\/praga.org\/wp-content\/uploads\/2017\/03\/quando-andare-a-praga.jpg 750w, https:\/\/praga.org\/wp-content\/uploads\/2017\/03\/quando-andare-a-praga-300x200.jpg 300w\" sizes=\"(max-width: 750px) 100vw, 750px\" \/><\/a><\/figure><\/div>\n\n\n\n<div class=\"wp-block-column is-vertically-aligned-center is-layout-flow wp-block-column-is-layout-flow\" style=\"flex-basis:75%\"><h2 class=\"wp-block-post-title\"><a href=\"https:\/\/praga.org\/es\/cuando-ir-a-praga-el-periodo-mejor\/\" target=\"_self\" >Cuando ir a Praga: el periodo mejor<\/a><\/h2><\/div>\n<\/div>\n\n<\/li><li class=\"wp-block-post post-4994 post type-post status-publish format-standard has-post-thumbnail category-informacion-util\">\n\n<div class=\"wp-block-columns are-vertically-aligned-center is-layout-flex wp-container-core-columns-layout-2 wp-block-columns-is-layout-flex\">\n<div class=\"wp-block-column is-vertically-aligned-center is-layout-flow wp-block-column-is-layout-flow\" style=\"flex-basis:25%\"><figure class=\"wp-block-post-featured-image\"><a href=\"https:\/\/praga.org\/es\/moneda-republica-checa\/\" target=\"_self\"  ><img decoding=\"async\" width=\"750\" height=\"350\" src=\"https:\/\/praga.org\/wp-content\/uploads\/2017\/04\/moneta-di-praga-1.jpg\" class=\"attachment-post-thumbnail size-post-thumbnail wp-post-image\" alt=\"Moneda de la Rep\u00fablica Checa y convertidor euro-corona checa\" style=\"object-fit:cover;\" srcset=\"https:\/\/praga.org\/wp-content\/uploads\/2017\/04\/moneta-di-praga-1.jpg 750w, https:\/\/praga.org\/wp-content\/uploads\/2017\/04\/moneta-di-praga-1-300x140.jpg 300w\" sizes=\"(max-width: 750px) 100vw, 750px\" \/><\/a><\/figure><\/div>\n\n\n\n<div class=\"wp-block-column is-vertically-aligned-center is-layout-flow wp-block-column-is-layout-flow\" style=\"flex-basis:75%\"><h2 class=\"wp-block-post-title\"><a href=\"https:\/\/praga.org\/es\/moneda-republica-checa\/\" target=\"_self\" >Moneda de la Rep\u00fablica Checa y convertidor euro-corona checa<\/a><\/h2><\/div>\n<\/div>\n\n<\/li><li class=\"wp-block-post post-4978 post type-post status-publish format-standard has-post-thumbnail category-informacion-util\">\n\n<div class=\"wp-block-columns are-vertically-aligned-center is-layout-flex wp-container-core-columns-layout-3 wp-block-columns-is-layout-flex\">\n<div class=\"wp-block-column is-vertically-aligned-center is-layout-flow wp-block-column-is-layout-flow\" style=\"flex-basis:25%\"><figure class=\"wp-block-post-featured-image\"><a href=\"https:\/\/praga.org\/es\/temperaturas-medias-y-clima-de-praga\/\" target=\"_self\"  ><img decoding=\"async\" width=\"800\" height=\"533\" src=\"https:\/\/praga.org\/wp-content\/uploads\/2017\/04\/clima-temperature-praga.jpg\" class=\"attachment-post-thumbnail size-post-thumbnail wp-post-image\" alt=\"Temperaturas medias y clima de Praga\" style=\"object-fit:cover;\" srcset=\"https:\/\/praga.org\/wp-content\/uploads\/2017\/04\/clima-temperature-praga.jpg 800w, https:\/\/praga.org\/wp-content\/uploads\/2017\/04\/clima-temperature-praga-300x200.jpg 300w, https:\/\/praga.org\/wp-content\/uploads\/2017\/04\/clima-temperature-praga-768x512.jpg 768w, https:\/\/praga.org\/wp-content\/uploads\/2017\/04\/clima-temperature-praga-200x133.jpg 200w, https:\/\/praga.org\/wp-content\/uploads\/2017\/04\/clima-temperature-praga-400x267.jpg 400w, https:\/\/praga.org\/wp-content\/uploads\/2017\/04\/clima-temperature-praga-600x400.jpg 600w\" sizes=\"(max-width: 800px) 100vw, 800px\" \/><\/a><\/figure><\/div>\n\n\n\n<div class=\"wp-block-column is-vertically-aligned-center is-layout-flow wp-block-column-is-layout-flow\" style=\"flex-basis:75%\"><h2 class=\"wp-block-post-title\"><a href=\"https:\/\/praga.org\/es\/temperaturas-medias-y-clima-de-praga\/\" target=\"_self\" >Temperaturas medias y clima de Praga<\/a><\/h2><\/div>\n<\/div>\n\n<\/li><li class=\"wp-block-post post-4953 post type-post status-publish format-standard has-post-thumbnail category-informacion-util\">\n\n<div class=\"wp-block-columns are-vertically-aligned-center is-layout-flex wp-container-core-columns-layout-4 wp-block-columns-is-layout-flex\">\n<div class=\"wp-block-column is-vertically-aligned-center is-layout-flow wp-block-column-is-layout-flow\" style=\"flex-basis:25%\"><figure class=\"wp-block-post-featured-image\"><a href=\"https:\/\/praga.org\/es\/praga-con-los-ninos\/\" target=\"_self\"  ><img decoding=\"async\" width=\"750\" height=\"500\" src=\"https:\/\/praga.org\/wp-content\/uploads\/2017\/03\/praga-con-i-bambini.jpg\" class=\"attachment-post-thumbnail size-post-thumbnail wp-post-image\" alt=\"Praga con los ni\u00f1os\" style=\"object-fit:cover;\" srcset=\"https:\/\/praga.org\/wp-content\/uploads\/2017\/03\/praga-con-i-bambini.jpg 750w, https:\/\/praga.org\/wp-content\/uploads\/2017\/03\/praga-con-i-bambini-300x200.jpg 300w, https:\/\/praga.org\/wp-content\/uploads\/2017\/03\/praga-con-i-bambini-200x133.jpg 200w, https:\/\/praga.org\/wp-content\/uploads\/2017\/03\/praga-con-i-bambini-400x267.jpg 400w, https:\/\/praga.org\/wp-content\/uploads\/2017\/03\/praga-con-i-bambini-600x400.jpg 600w\" sizes=\"(max-width: 750px) 100vw, 750px\" \/><\/a><\/figure><\/div>\n\n\n\n<div class=\"wp-block-column is-vertically-aligned-center is-layout-flow wp-block-column-is-layout-flow\" style=\"flex-basis:75%\"><h2 class=\"wp-block-post-title\"><a href=\"https:\/\/praga.org\/es\/praga-con-los-ninos\/\" target=\"_self\" >Praga con los ni\u00f1os<\/a><\/h2><\/div>\n<\/div>\n\n<\/li><\/ul><\/div>\n","protected":false},"excerpt":{"rendered":"","protected":false},"author":5,"featured_media":0,"parent":0,"menu_order":0,"comment_status":"open","ping_status":"closed","template":"","meta":{"footnotes":""},"yoast_head":"<!-- This site is optimized with the Yoast SEO plugin v22.8 - https:\/\/yoast.com\/wordpress\/plugins\/seo\/ -->\n<title>Informaci\u00f3n \u00fatil para un viaje a Praga: los documentos, la moneda en uso...<\/title>\n<meta name=\"description\" content=\"En esta secci\u00f3n profundizar\u00e9 toda la informaci\u00f3n \u00fatil que necesitas para ir a Praga: desde los documentos, hasta el dinero de llevar, el clima ...\" \/>\n<meta name=\"robots\" content=\"index, follow, max-snippet:-1, max-image-preview:large, max-video-preview:-1\" \/>\n<link rel=\"canonical\" href=\"https:\/\/praga.org\/es\/informacion-util\/\" \/>\n<meta property=\"og:locale\" content=\"es_ES\" \/>\n<meta property=\"og:type\" content=\"article\" \/>\n<meta property=\"og:title\" content=\"Informaci\u00f3n \u00fatil para un viaje a Praga: los documentos, la moneda en uso...\" \/>\n<meta property=\"og:description\" content=\"En esta secci\u00f3n profundizar\u00e9 toda la informaci\u00f3n \u00fatil que necesitas para ir a Praga: desde los documentos, hasta el dinero de llevar, el clima ...\" \/>\n<meta property=\"og:url\" content=\"https:\/\/praga.org\/es\/informacion-util\/\" \/>\n<meta property=\"og:site_name\" content=\"praga.org\" \/>\n<meta property=\"article:publisher\" content=\"https:\/\/www.facebook.com\/praga.org\/\" \/>\n<meta property=\"article:modified_time\" content=\"2022-11-21T15:44:23+00:00\" \/>\n<meta name=\"twitter:card\" content=\"summary_large_image\" \/>\n<meta name=\"twitter:label1\" content=\"Est. reading time\" \/>\n\t<meta name=\"twitter:data1\" content=\"1 minute\" \/>\n<script type=\"application\/ld+json\" class=\"yoast-schema-graph\">{\"@context\":\"https:\/\/schema.org\",\"@graph\":[{\"@type\":\"WebPage\",\"@id\":\"https:\/\/praga.org\/es\/informacion-util\/\",\"url\":\"https:\/\/praga.org\/es\/informacion-util\/\",\"name\":\"Informaci\u00f3n \u00fatil para un viaje a Praga: los documentos, la moneda en uso...\",\"isPartOf\":{\"@id\":\"https:\/\/praga.org\/#website\"},\"datePublished\":\"2021-07-19T09:51:20+00:00\",\"dateModified\":\"2022-11-21T15:44:23+00:00\",\"description\":\"En esta secci\u00f3n profundizar\u00e9 toda la informaci\u00f3n \u00fatil que necesitas para ir a Praga: desde los documentos, hasta el dinero de llevar, el clima ...\",\"inLanguage\":\"es-ES\",\"potentialAction\":[{\"@type\":\"ReadAction\",\"target\":[\"https:\/\/praga.org\/es\/informacion-util\/\"]}]},{\"@type\":\"WebSite\",\"@id\":\"https:\/\/praga.org\/#website\",\"url\":\"https:\/\/praga.org\/\",\"name\":\"praga.org\",\"description\":\"Guida completa per un viaggio a Praga\",\"potentialAction\":[{\"@type\":\"SearchAction\",\"target\":{\"@type\":\"EntryPoint\",\"urlTemplate\":\"https:\/\/praga.org\/?s={search_term_string}\"},\"query-input\":\"required name=search_term_string\"}],\"inLanguage\":\"es-ES\"}]}<\/script>\n<!-- \/ Yoast SEO plugin. -->","yoast_head_json":{"title":"Informaci\u00f3n \u00fatil para un viaje a Praga: los documentos, la moneda en uso...","description":"En esta secci\u00f3n profundizar\u00e9 toda la informaci\u00f3n \u00fatil que necesitas para ir a Praga: desde los documentos, hasta el dinero de llevar, el clima ...","robots":{"index":"index","follow":"follow","max-snippet":"max-snippet:-1","max-image-preview":"max-image-preview:large","max-video-preview":"max-video-preview:-1"},"canonical":"https:\/\/praga.org\/es\/informacion-util\/","og_locale":"es_ES","og_type":"article","og_title":"Informaci\u00f3n \u00fatil para un viaje a Praga: los documentos, la moneda en uso...","og_description":"En esta secci\u00f3n profundizar\u00e9 toda la informaci\u00f3n \u00fatil que necesitas para ir a Praga: desde los documentos, hasta el dinero de llevar, el clima ...","og_url":"https:\/\/praga.org\/es\/informacion-util\/","og_site_name":"praga.org","article_publisher":"https:\/\/www.facebook.com\/praga.org\/","article_modified_time":"2022-11-21T15:44:23+00:00","twitter_card":"summary_large_image","twitter_misc":{"Est. reading time":"1 minute"},"schema":{"@context":"https:\/\/schema.org","@graph":[{"@type":"WebPage","@id":"https:\/\/praga.org\/es\/informacion-util\/","url":"https:\/\/praga.org\/es\/informacion-util\/","name":"Informaci\u00f3n \u00fatil para un viaje a Praga: los documentos, la moneda en uso...","isPartOf":{"@id":"https:\/\/praga.org\/#website"},"datePublished":"2021-07-19T09:51:20+00:00","dateModified":"2022-11-21T15:44:23+00:00","description":"En esta secci\u00f3n profundizar\u00e9 toda la informaci\u00f3n \u00fatil que necesitas para ir a Praga: desde los documentos, hasta el dinero de llevar, el clima ...","inLanguage":"es-ES","potentialAction":[{"@type":"ReadAction","target":["https:\/\/praga.org\/es\/informacion-util\/"]}]},{"@type":"WebSite","@id":"https:\/\/praga.org\/#website","url":"https:\/\/praga.org\/","name":"praga.org","description":"Guida completa per un viaggio a Praga","potentialAction":[{"@type":"SearchAction","target":{"@type":"EntryPoint","urlTemplate":"https:\/\/praga.org\/?s={search_term_string}"},"query-input":"required name=search_term_string"}],"inLanguage":"es-ES"}]}},"_links":{"self":[{"href":"https:\/\/praga.org\/es\/wp-json\/wp\/v2\/pages\/5357"}],"collection":[{"href":"https:\/\/praga.org\/es\/wp-json\/wp\/v2\/pages"}],"about":[{"href":"https:\/\/praga.org\/es\/wp-json\/wp\/v2\/types\/page"}],"author":[{"embeddable":true,"href":"https:\/\/praga.org\/es\/wp-json\/wp\/v2\/users\/5"}],"replies":[{"embeddable":true,"href":"https:\/\/praga.org\/es\/wp-json\/wp\/v2\/comments?post=5357"}],"version-history":[{"count":4,"href":"https:\/\/praga.org\/es\/wp-json\/wp\/v2\/pages\/5357\/revisions"}],"predecessor-version":[{"id":6133,"href":"https:\/\/praga.org\/es\/wp-json\/wp\/v2\/pages\/5357\/revisions\/6133"}],"wp:attachment":[{"href":"https:\/\/praga.org\/es\/wp-json\/wp\/v2\/media?parent=5357"}],"curies":[{"name":"wp","href":"https:\/\/api.w.org\/{rel}","templated":true}]}}