{"id":5353,"date":"2021-07-19T11:47:51","date_gmt":"2021-07-19T09:47:51","guid":{"rendered":"https:\/\/praga.org\/?page_id=5353"},"modified":"2022-11-22T15:54:26","modified_gmt":"2022-11-22T14:54:26","slug":"curiosidades","status":"publish","type":"page","link":"https:\/\/praga.org\/es\/curiosidades\/","title":{"rendered":"Curiosidades sobre Praga"},"content":{"rendered":"\n\n\n\n<div class=\"wp-block-query is-layout-flow wp-block-query-is-layout-flow\"><ul class=\"wp-block-post-template is-layout-flow wp-block-post-template-is-layout-flow\"><li class=\"wp-block-post post-5437 post type-post status-publish format-standard has-post-thumbnail category-curiosidades\">\n\n<div class=\"wp-block-columns are-vertically-aligned-center is-layout-flex wp-container-core-columns-layout-1 wp-block-columns-is-layout-flex\">\n<div class=\"wp-block-column is-vertically-aligned-center is-layout-flow wp-block-column-is-layout-flow\" style=\"flex-basis:25%\"><figure class=\"wp-block-post-featured-image\"><a href=\"https:\/\/praga.org\/es\/coffee-shop-en-praga-existen-realmente\/\" target=\"_self\"  ><img decoding=\"async\" width=\"750\" height=\"567\" src=\"https:\/\/praga.org\/wp-content\/uploads\/2019\/05\/coffee-shop-praga.jpg\" class=\"attachment-post-thumbnail size-post-thumbnail wp-post-image\" alt=\"Coffee Shop en Praga: existen realmente?\" style=\"object-fit:cover;\" srcset=\"https:\/\/praga.org\/wp-content\/uploads\/2019\/05\/coffee-shop-praga.jpg 750w, https:\/\/praga.org\/wp-content\/uploads\/2019\/05\/coffee-shop-praga-300x227.jpg 300w\" sizes=\"(max-width: 750px) 100vw, 750px\" \/><\/a><\/figure><\/div>\n\n\n\n<div class=\"wp-block-column is-vertically-aligned-center is-layout-flow wp-block-column-is-layout-flow\" style=\"flex-basis:75%\"><h2 class=\"wp-block-post-title\"><a href=\"https:\/\/praga.org\/es\/coffee-shop-en-praga-existen-realmente\/\" target=\"_self\" >Coffee Shop en Praga: existen realmente?<\/a><\/h2><\/div>\n<\/div>\n\n<\/li><li class=\"wp-block-post post-4970 post type-post status-publish format-standard has-post-thumbnail category-curiosidades\">\n\n<div class=\"wp-block-columns are-vertically-aligned-center is-layout-flex wp-container-core-columns-layout-2 wp-block-columns-is-layout-flex\">\n<div class=\"wp-block-column is-vertically-aligned-center is-layout-flow wp-block-column-is-layout-flow\" style=\"flex-basis:25%\"><figure class=\"wp-block-post-featured-image\"><a href=\"https:\/\/praga.org\/es\/costo-de-vida-en-praga\/\" target=\"_self\"  ><img decoding=\"async\" width=\"1920\" height=\"1282\" src=\"https:\/\/praga.org\/wp-content\/uploads\/2017\/04\/costo-vita.jpg\" class=\"attachment-post-thumbnail size-post-thumbnail wp-post-image\" alt=\"Costo de la vida en Praga\" style=\"object-fit:cover;\" srcset=\"https:\/\/praga.org\/wp-content\/uploads\/2017\/04\/costo-vita.jpg 1920w, https:\/\/praga.org\/wp-content\/uploads\/2017\/04\/costo-vita-300x200.jpg 300w, https:\/\/praga.org\/wp-content\/uploads\/2017\/04\/costo-vita-1024x684.jpg 1024w, https:\/\/praga.org\/wp-content\/uploads\/2017\/04\/costo-vita-768x513.jpg 768w, https:\/\/praga.org\/wp-content\/uploads\/2017\/04\/costo-vita-1536x1026.jpg 1536w, https:\/\/praga.org\/wp-content\/uploads\/2017\/04\/costo-vita-150x100.jpg 150w, https:\/\/praga.org\/wp-content\/uploads\/2017\/04\/costo-vita-696x465.jpg 696w, https:\/\/praga.org\/wp-content\/uploads\/2017\/04\/costo-vita-1068x713.jpg 1068w\" sizes=\"(max-width: 1920px) 100vw, 1920px\" \/><\/a><\/figure><\/div>\n\n\n\n<div class=\"wp-block-column is-vertically-aligned-center is-layout-flow wp-block-column-is-layout-flow\" style=\"flex-basis:75%\"><h2 class=\"wp-block-post-title\"><a href=\"https:\/\/praga.org\/es\/costo-de-vida-en-praga\/\" target=\"_self\" >Costo de la vida en Praga<\/a><\/h2><\/div>\n<\/div>\n\n<\/li><li class=\"wp-block-post post-4964 post type-post status-publish format-standard has-post-thumbnail category-curiosidades\">\n\n<div class=\"wp-block-columns are-vertically-aligned-center is-layout-flex wp-container-core-columns-layout-3 wp-block-columns-is-layout-flex\">\n<div class=\"wp-block-column is-vertically-aligned-center is-layout-flow wp-block-column-is-layout-flow\" style=\"flex-basis:25%\"><figure class=\"wp-block-post-featured-image\"><a href=\"https:\/\/praga.org\/es\/golem-de-praga\/\" target=\"_self\"  ><img decoding=\"async\" width=\"750\" height=\"500\" src=\"https:\/\/praga.org\/wp-content\/uploads\/2017\/03\/golem-di-praga.jpg\" class=\"attachment-post-thumbnail size-post-thumbnail wp-post-image\" alt=\"Golem de Praga\" style=\"object-fit:cover;\" srcset=\"https:\/\/praga.org\/wp-content\/uploads\/2017\/03\/golem-di-praga.jpg 750w, https:\/\/praga.org\/wp-content\/uploads\/2017\/03\/golem-di-praga-300x200.jpg 300w, https:\/\/praga.org\/wp-content\/uploads\/2017\/03\/golem-di-praga-200x133.jpg 200w, https:\/\/praga.org\/wp-content\/uploads\/2017\/03\/golem-di-praga-400x267.jpg 400w, https:\/\/praga.org\/wp-content\/uploads\/2017\/03\/golem-di-praga-600x400.jpg 600w\" sizes=\"(max-width: 750px) 100vw, 750px\" \/><\/a><\/figure><\/div>\n\n\n\n<div class=\"wp-block-column is-vertically-aligned-center is-layout-flow wp-block-column-is-layout-flow\" style=\"flex-basis:75%\"><h2 class=\"wp-block-post-title\"><a href=\"https:\/\/praga.org\/es\/golem-de-praga\/\" target=\"_self\" >Golem de Praga<\/a><\/h2><\/div>\n<\/div>\n\n<\/li><li class=\"wp-block-post post-4959 post type-post status-publish format-standard has-post-thumbnail category-curiosidades\">\n\n<div class=\"wp-block-columns are-vertically-aligned-center is-layout-flex wp-container-core-columns-layout-4 wp-block-columns-is-layout-flex\">\n<div class=\"wp-block-column is-vertically-aligned-center is-layout-flow wp-block-column-is-layout-flow\" style=\"flex-basis:25%\"><figure class=\"wp-block-post-featured-image\"><a href=\"https:\/\/praga.org\/es\/descubriendo-la-praga-esoterica\/\" target=\"_self\"  ><img decoding=\"async\" width=\"750\" height=\"503\" src=\"https:\/\/praga.org\/wp-content\/uploads\/2017\/03\/praga-esoterica-orologio-astronomico.jpg\" class=\"attachment-post-thumbnail size-post-thumbnail wp-post-image\" alt=\"Descubriendo la Praga esot\u00e9rica\" style=\"object-fit:cover;\" srcset=\"https:\/\/praga.org\/wp-content\/uploads\/2017\/03\/praga-esoterica-orologio-astronomico.jpg 750w, https:\/\/praga.org\/wp-content\/uploads\/2017\/03\/praga-esoterica-orologio-astronomico-300x201.jpg 300w, https:\/\/praga.org\/wp-content\/uploads\/2017\/03\/praga-esoterica-orologio-astronomico-200x134.jpg 200w, https:\/\/praga.org\/wp-content\/uploads\/2017\/03\/praga-esoterica-orologio-astronomico-400x268.jpg 400w, https:\/\/praga.org\/wp-content\/uploads\/2017\/03\/praga-esoterica-orologio-astronomico-600x402.jpg 600w\" sizes=\"(max-width: 750px) 100vw, 750px\" \/><\/a><\/figure><\/div>\n\n\n\n<div class=\"wp-block-column is-vertically-aligned-center is-layout-flow wp-block-column-is-layout-flow\" style=\"flex-basis:75%\"><h2 class=\"wp-block-post-title\"><a href=\"https:\/\/praga.org\/es\/descubriendo-la-praga-esoterica\/\" target=\"_self\" >Descubriendo la Praga esot\u00e9rica<\/a><\/h2><\/div>\n<\/div>\n\n<\/li><li class=\"wp-block-post post-4922 post type-post status-publish format-standard has-post-thumbnail category-curiosidades\">\n\n<div class=\"wp-block-columns are-vertically-aligned-center is-layout-flex wp-container-core-columns-layout-5 wp-block-columns-is-layout-flex\">\n<div class=\"wp-block-column is-vertically-aligned-center is-layout-flow wp-block-column-is-layout-flow\" style=\"flex-basis:25%\"><figure class=\"wp-block-post-featured-image\"><a href=\"https:\/\/praga.org\/es\/spa-de-cervezas-en-praga\/\" target=\"_self\"  ><img decoding=\"async\" width=\"750\" height=\"500\" src=\"https:\/\/praga.org\/wp-content\/uploads\/2017\/03\/terme-di-birra-praga.jpg\" class=\"attachment-post-thumbnail size-post-thumbnail wp-post-image\" alt=\"Spa de cervezas en Praga\" style=\"object-fit:cover;\" srcset=\"https:\/\/praga.org\/wp-content\/uploads\/2017\/03\/terme-di-birra-praga.jpg 750w, https:\/\/praga.org\/wp-content\/uploads\/2017\/03\/terme-di-birra-praga-300x200.jpg 300w, https:\/\/praga.org\/wp-content\/uploads\/2017\/03\/terme-di-birra-praga-200x133.jpg 200w, https:\/\/praga.org\/wp-content\/uploads\/2017\/03\/terme-di-birra-praga-400x267.jpg 400w, https:\/\/praga.org\/wp-content\/uploads\/2017\/03\/terme-di-birra-praga-600x400.jpg 600w\" sizes=\"(max-width: 750px) 100vw, 750px\" \/><\/a><\/figure><\/div>\n\n\n\n<div class=\"wp-block-column is-vertically-aligned-center is-layout-flow wp-block-column-is-layout-flow\" style=\"flex-basis:75%\"><h2 class=\"wp-block-post-title\"><a href=\"https:\/\/praga.org\/es\/spa-de-cervezas-en-praga\/\" target=\"_self\" >Spa de cervezas en Praga<\/a><\/h2><\/div>\n<\/div>\n\n<\/li><\/ul><\/div>\n","protected":false},"excerpt":{"rendered":"","protected":false},"author":5,"featured_media":0,"parent":0,"menu_order":0,"comment_status":"open","ping_status":"closed","template":"","meta":{"footnotes":""},"yoast_head":"<!-- This site is optimized with the Yoast SEO plugin v22.8 - https:\/\/yoast.com\/wordpress\/plugins\/seo\/ -->\n<title>Curiosidades sobre Praga: de la Praga esot\u00e9rica a la barra del reloj<\/title>\n<meta name=\"description\" content=\"Una secci\u00f3n que te llevar\u00e1 a descubrir muchas curiosidades sobre Praga. La ciudad tiene un alma m\u00e1gica y esot\u00e9rica. Ent\u00e9rate de todo.\" \/>\n<meta name=\"robots\" content=\"index, follow, max-snippet:-1, max-image-preview:large, max-video-preview:-1\" \/>\n<link rel=\"canonical\" href=\"https:\/\/praga.org\/es\/curiosidades\/\" \/>\n<meta property=\"og:locale\" content=\"es_ES\" \/>\n<meta property=\"og:type\" content=\"article\" \/>\n<meta property=\"og:title\" content=\"Curiosidades sobre Praga: de la Praga esot\u00e9rica a la barra del reloj\" \/>\n<meta property=\"og:description\" content=\"Una secci\u00f3n que te llevar\u00e1 a descubrir muchas curiosidades sobre Praga. La ciudad tiene un alma m\u00e1gica y esot\u00e9rica. Ent\u00e9rate de todo.\" \/>\n<meta property=\"og:url\" content=\"https:\/\/praga.org\/es\/curiosidades\/\" \/>\n<meta property=\"og:site_name\" content=\"praga.org\" \/>\n<meta property=\"article:publisher\" content=\"https:\/\/www.facebook.com\/praga.org\/\" \/>\n<meta property=\"article:modified_time\" content=\"2022-11-22T14:54:26+00:00\" \/>\n<meta name=\"twitter:card\" content=\"summary_large_image\" \/>\n<script type=\"application\/ld+json\" class=\"yoast-schema-graph\">{\"@context\":\"https:\/\/schema.org\",\"@graph\":[{\"@type\":\"WebPage\",\"@id\":\"https:\/\/praga.org\/es\/curiosidades\/\",\"url\":\"https:\/\/praga.org\/es\/curiosidades\/\",\"name\":\"Curiosidades sobre Praga: de la Praga esot\u00e9rica a la barra del reloj\",\"isPartOf\":{\"@id\":\"https:\/\/praga.org\/#website\"},\"datePublished\":\"2021-07-19T09:47:51+00:00\",\"dateModified\":\"2022-11-22T14:54:26+00:00\",\"description\":\"Una secci\u00f3n que te llevar\u00e1 a descubrir muchas curiosidades sobre Praga. La ciudad tiene un alma m\u00e1gica y esot\u00e9rica. Ent\u00e9rate de todo.\",\"inLanguage\":\"es-ES\",\"potentialAction\":[{\"@type\":\"ReadAction\",\"target\":[\"https:\/\/praga.org\/es\/curiosidades\/\"]}]},{\"@type\":\"WebSite\",\"@id\":\"https:\/\/praga.org\/#website\",\"url\":\"https:\/\/praga.org\/\",\"name\":\"praga.org\",\"description\":\"Guida completa per un viaggio a Praga\",\"potentialAction\":[{\"@type\":\"SearchAction\",\"target\":{\"@type\":\"EntryPoint\",\"urlTemplate\":\"https:\/\/praga.org\/?s={search_term_string}\"},\"query-input\":\"required name=search_term_string\"}],\"inLanguage\":\"es-ES\"}]}<\/script>\n<!-- \/ Yoast SEO plugin. -->","yoast_head_json":{"title":"Curiosidades sobre Praga: de la Praga esot\u00e9rica a la barra del reloj","description":"Una secci\u00f3n que te llevar\u00e1 a descubrir muchas curiosidades sobre Praga. La ciudad tiene un alma m\u00e1gica y esot\u00e9rica. Ent\u00e9rate de todo.","robots":{"index":"index","follow":"follow","max-snippet":"max-snippet:-1","max-image-preview":"max-image-preview:large","max-video-preview":"max-video-preview:-1"},"canonical":"https:\/\/praga.org\/es\/curiosidades\/","og_locale":"es_ES","og_type":"article","og_title":"Curiosidades sobre Praga: de la Praga esot\u00e9rica a la barra del reloj","og_description":"Una secci\u00f3n que te llevar\u00e1 a descubrir muchas curiosidades sobre Praga. La ciudad tiene un alma m\u00e1gica y esot\u00e9rica. Ent\u00e9rate de todo.","og_url":"https:\/\/praga.org\/es\/curiosidades\/","og_site_name":"praga.org","article_publisher":"https:\/\/www.facebook.com\/praga.org\/","article_modified_time":"2022-11-22T14:54:26+00:00","twitter_card":"summary_large_image","schema":{"@context":"https:\/\/schema.org","@graph":[{"@type":"WebPage","@id":"https:\/\/praga.org\/es\/curiosidades\/","url":"https:\/\/praga.org\/es\/curiosidades\/","name":"Curiosidades sobre Praga: de la Praga esot\u00e9rica a la barra del reloj","isPartOf":{"@id":"https:\/\/praga.org\/#website"},"datePublished":"2021-07-19T09:47:51+00:00","dateModified":"2022-11-22T14:54:26+00:00","description":"Una secci\u00f3n que te llevar\u00e1 a descubrir muchas curiosidades sobre Praga. La ciudad tiene un alma m\u00e1gica y esot\u00e9rica. Ent\u00e9rate de todo.","inLanguage":"es-ES","potentialAction":[{"@type":"ReadAction","target":["https:\/\/praga.org\/es\/curiosidades\/"]}]},{"@type":"WebSite","@id":"https:\/\/praga.org\/#website","url":"https:\/\/praga.org\/","name":"praga.org","description":"Guida completa per un viaggio a Praga","potentialAction":[{"@type":"SearchAction","target":{"@type":"EntryPoint","urlTemplate":"https:\/\/praga.org\/?s={search_term_string}"},"query-input":"required name=search_term_string"}],"inLanguage":"es-ES"}]}},"_links":{"self":[{"href":"https:\/\/praga.org\/es\/wp-json\/wp\/v2\/pages\/5353"}],"collection":[{"href":"https:\/\/praga.org\/es\/wp-json\/wp\/v2\/pages"}],"about":[{"href":"https:\/\/praga.org\/es\/wp-json\/wp\/v2\/types\/page"}],"author":[{"embeddable":true,"href":"https:\/\/praga.org\/es\/wp-json\/wp\/v2\/users\/5"}],"replies":[{"embeddable":true,"href":"https:\/\/praga.org\/es\/wp-json\/wp\/v2\/comments?post=5353"}],"version-history":[{"count":3,"href":"https:\/\/praga.org\/es\/wp-json\/wp\/v2\/pages\/5353\/revisions"}],"predecessor-version":[{"id":6234,"href":"https:\/\/praga.org\/es\/wp-json\/wp\/v2\/pages\/5353\/revisions\/6234"}],"wp:attachment":[{"href":"https:\/\/praga.org\/es\/wp-json\/wp\/v2\/media?parent=5353"}],"curies":[{"name":"wp","href":"https:\/\/api.w.org\/{rel}","templated":true}]}}