{"id":4745,"date":"2021-06-21T12:59:34","date_gmt":"2021-06-21T10:59:34","guid":{"rendered":"https:\/\/praga.org\/?page_id=4745"},"modified":"2022-10-24T15:40:49","modified_gmt":"2022-10-24T13:40:49","slug":"tranvia-en-praga","status":"publish","type":"page","link":"https:\/\/praga.org\/es\/transporte-de-praga-como-moverse\/tranvia-en-praga\/","title":{"rendered":"Tranv\u00eda en Praga"},"content":{"rendered":"\n<p>Entre los numerosos medios de transporte que circulan en Praga, \u00a1<strong>los tranv\u00edas merecen un lugar de honor<\/strong>! Algunos son modernos y tecnol\u00f3gicos, otros decididamente menos &#8220;j\u00f3venes&#8221;, pero independientemente de su aspecto m\u00e1s o menos actual, todas son plenamente funcionales y muy \u00fatiles para el movimiento de ciudadanos y turistas.<\/p>\n\n\n\n<p>De hecho, <strong>los veh\u00edculos ferroviarios de superficie cubren gran parte de la ciudad<\/strong> y representan la mejor soluci\u00f3n para llegar a esos destinos finales, ya sea en el centro de Praga o en las afueras, a los que no se llega por otros medios, en particular el <a href=\"https:\/\/praga.org\/es\/transporte-de-praga-como-moverse\/metro-de-praga\/\">metro<\/a> y el <a href=\"https:\/\/praga.org\/es\/transporte-de-praga-como-moverse\/autobuses-publicos-en-praga\/\">autob\u00fas<\/a>.<\/p>\n\n\n\n<p>En <a href=\"https:\/\/www.dpp.cz\/en\/timetables?modal=zastavky-v-praze\" target=\"_blank\" rel=\"noreferrer noopener\">esta p\u00e1gina del sitio web de la Empresa<\/a> de Transporte P\u00fablico Urbano se pueden descargar mapas \u00fatiles de las redes de transporte, incluida la de tranv\u00edas.<\/p>\n\n\n\n\n\n<h2 class=\"wp-block-heading\">Los horarios de los tranv\u00edas<\/h2>\n\n\n\n<p>Los tranv\u00edas de Praga pasan por la ciudad tanto de d\u00eda como de noche: de hecho, <strong>hay tranv\u00edas diurnos<\/strong> (22 l\u00edneas) y <strong>tranv\u00edas nocturnos<\/strong> (9 l\u00edneas). <\/p>\n\n\n\n<p>Los tranv\u00edas diurnos, aquellos con un n\u00famero bajo, <strong>circulan desde las 4.30 hasta la medianoche<\/strong>, y su frecuencia es en promedio cada 8-10 minutos, aunque disminuye un poco los fines de semana.<\/p>\n\n\n\n<p>Los tranv\u00edas nocturnos cubren el resto de horas, <strong>desde la medianoche hasta las 4.30<\/strong>. <strong>Est\u00e1n marcados con n\u00fameros del 51 al 59<\/strong> y se ejecutan aproximadamente cada 40 minutos.<\/p>\n\n\n\n<p>Los tranv\u00edas estrat\u00e9gicos para acceder al metro <strong>son aquellos cuyas paradas est\u00e1n marcadas con la se\u00f1al M;<\/strong> en este caso, baj\u00e1ndose del tranv\u00eda puede continuar en metro (encontrar\u00e1s la entrada cerca).<\/p>\n\n\n\n<p>Para obtener detalles sobre los horarios y la ruta de los n\u00fameros de tranv\u00eda individuales, puede completar el formulario disponible en <a href=\"https:\/\/spojeni.dpp.cz\/ZjrForm.aspx?cl=E5\" target=\"_blank\" rel=\"noreferrer noopener nofollow\">esta p\u00e1gina<\/a>.<\/p>\n\n\n\n<h2 class=\"wp-block-heading\">Que boletos usar<\/h2>\n\n\n\n<p>Para los tranv\u00edas <strong>necesitas los mismos billetes que debes utilizar para los autobuses y el metro<\/strong>, y debes comprarlos y validarlos antes de entrar al tranv\u00eda (a excepci\u00f3n del tranv\u00eda hist\u00f3rico 91, para el cual se aplican las indicaciones que se dan en el p\u00e1rrafo correspondiente ). <\/p>\n\n\n\n<p>Tenga en cuenta que puedes estar sujeto a controles a bordo por parte de controladores uniformados.<\/p>\n\n\n\n<p>El billete b\u00e1sico, que permite el intercambio entre veh\u00edculos, <strong>cuesta 32 CZK para adultos<\/strong> (16 CZK para ni\u00f1os) y es v\u00e1lido por 90 minutos. Encontrar\u00e1s entradas a la venta en quioscos, en m\u00e1quinas autom\u00e1ticas, y tambi\u00e9n podr\u00e1s comprarlos v\u00eda SMS.<\/p>\n\n\n\n<h2 class=\"wp-block-heading\">Tranv\u00edas favoritos de los turistas<\/h2>\n\n\n<div class=\"wp-block-image\">\n<figure class=\"aligncenter size-large\"><a href=\"https:\/\/praga.org\/wp-content\/uploads\/2017\/03\/tram22-praga.jpg\"><img decoding=\"async\" width=\"700\" height=\"467\" src=\"https:\/\/praga.org\/wp-content\/uploads\/2017\/03\/tram22-praga.jpg\" alt=\"El Tranv\u00eda 22 es el favorido por los turistas \" class=\"wp-image-3891\" srcset=\"https:\/\/praga.org\/wp-content\/uploads\/2017\/03\/tram22-praga.jpg 700w, https:\/\/praga.org\/wp-content\/uploads\/2017\/03\/tram22-praga-300x200.jpg 300w\" sizes=\"(max-width: 700px) 100vw, 700px\" \/><\/a><figcaption>El Tranv\u00eda 22 es el favorido por los turistas <\/figcaption><\/figure><\/div>\n\n\n<p><strong>Entre los tranv\u00edas m\u00e1s evocadores puedo citar sin duda el n\u00famero 22<\/strong>, que atraviesa el centro hist\u00f3rico llegando a los puntos m\u00e1s importantes de la ciudad. <\/p>\n\n\n\n<p>El tranv\u00eda va a Hrad\u010dany, hasta el <a href=\"https:\/\/praga.org\/es\/que-ver-en-praga\/castillo-de-praga\/\">Castillo de Praga<\/a>, Loreto y el Monasterio de Strahov; mirando por sus ventanas ver\u00e1s unas hermosas vistas, pero mant\u00e9n los ojos abiertos y no te enfoques solo en la vista; de hecho, en este veh\u00edculo a veces se producen robos y atracos en detrimento de los turistas.<\/p>\n\n\n\n<p>Adem\u00e1s, cualquier turista que se precie, si viaja entre abril y noviembre, <strong>no dejar\u00e1 de subirse al hist\u00f3rico tranv\u00eda 91<\/strong>, la famosa &#8220;l\u00ednea nost\u00e1lgica&#8221;. <\/p>\n\n\n\n<p>Es un veh\u00edculo con la apariencia de los primeros tranv\u00edas antiguos (no puedes evitar fotografiarlo), que partiendo de Vozovna St\u0159e\u0161ovice <strong>recorre las calles de Praga durante los fines de semana y festivos<\/strong>, precisamente en el per\u00edodo entre abril y noviembre.<\/p>\n\n\n\n<p>Sale desde las 12.00 hasta las 17.35, cada 60 minutos, y el boleto en este caso se puede comprar directamente al inspector de boletos, al precio de 35 CZK para adultos y 20 CZK para ni\u00f1os hasta 15 a\u00f1os, por cada cochecito con ni\u00f1o, para discapacitados y para personas mayores de 70 a\u00f1os.<\/p>\n\n\n\n<p>Tambi\u00e9n puede ser interesante <strong>visitar el Museo del Transporte P\u00fablico<\/strong>, que se encuentra en la terminal del tranv\u00eda 91, en el que se exhiben m\u00e1s de 40 veh\u00edculos hist\u00f3ricos y fascinantes objetos de \u00e9poca.<\/p>\n\n\n\n<p>En \u00faltima instancia, tambi\u00e9n teniendo en cuenta el hecho de que rara vez hay retrasos, tomar el tranv\u00eda en Praga es sin duda una buena idea.<\/p>\n","protected":false},"excerpt":{"rendered":"<p>Entre los numerosos medios de transporte que circulan en Praga, \u00a1los tranv\u00edas merecen un lugar de honor! Algunos son modernos y tecnol\u00f3gicos, otros decididamente menos &#8220;j\u00f3venes&#8221;, pero independientemente de su aspecto m\u00e1s o menos actual, todas son plenamente funcionales y muy \u00fatiles para el movimiento de ciudadanos y turistas. De hecho, los veh\u00edculos ferroviarios de [&hellip;]<\/p>\n","protected":false},"author":5,"featured_media":3890,"parent":4711,"menu_order":0,"comment_status":"open","ping_status":"open","template":"","meta":{"footnotes":""},"yoast_head":"<!-- This site is optimized with the Yoast SEO plugin v22.8 - https:\/\/yoast.com\/wordpress\/plugins\/seo\/ -->\n<title>Tranv\u00eda de Praga: mapa, l\u00edneas, horarios y tarifas.<\/title>\n<meta name=\"description\" content=\"El tranv\u00eda de Praga es un medio muy utilizado que recorre la ciudad de forma generalizada. Toda la informaci\u00f3n \u00fatil para usarlo.\" \/>\n<meta name=\"robots\" content=\"index, follow, max-snippet:-1, max-image-preview:large, max-video-preview:-1\" \/>\n<link rel=\"canonical\" href=\"https:\/\/praga.org\/es\/transporte-de-praga-como-moverse\/tranvia-en-praga\/\" \/>\n<meta property=\"og:locale\" content=\"es_ES\" \/>\n<meta property=\"og:type\" content=\"article\" \/>\n<meta property=\"og:title\" content=\"Tranv\u00eda de Praga: mapa, l\u00edneas, horarios y tarifas.\" \/>\n<meta property=\"og:description\" content=\"El tranv\u00eda de Praga es un medio muy utilizado que recorre la ciudad de forma generalizada. Toda la informaci\u00f3n \u00fatil para usarlo.\" \/>\n<meta property=\"og:url\" content=\"https:\/\/praga.org\/es\/transporte-de-praga-como-moverse\/tranvia-en-praga\/\" \/>\n<meta property=\"og:site_name\" content=\"praga.org\" \/>\n<meta property=\"article:publisher\" content=\"https:\/\/www.facebook.com\/praga.org\/\" \/>\n<meta property=\"article:modified_time\" content=\"2022-10-24T13:40:49+00:00\" \/>\n<meta property=\"og:image\" content=\"https:\/\/praga.org\/wp-content\/uploads\/2017\/03\/tram-praga2.jpg\" \/>\n\t<meta property=\"og:image:width\" content=\"750\" \/>\n\t<meta property=\"og:image:height\" content=\"500\" \/>\n\t<meta property=\"og:image:type\" content=\"image\/jpeg\" \/>\n<meta name=\"twitter:card\" content=\"summary_large_image\" \/>\n<meta name=\"twitter:label1\" content=\"Est. reading time\" \/>\n\t<meta name=\"twitter:data1\" content=\"4 minutes\" \/>\n<script type=\"application\/ld+json\" class=\"yoast-schema-graph\">{\"@context\":\"https:\/\/schema.org\",\"@graph\":[{\"@type\":\"WebPage\",\"@id\":\"https:\/\/praga.org\/es\/transporte-de-praga-como-moverse\/tranvia-en-praga\/\",\"url\":\"https:\/\/praga.org\/es\/transporte-de-praga-como-moverse\/tranvia-en-praga\/\",\"name\":\"Tranv\u00eda de Praga: mapa, l\u00edneas, horarios y tarifas.\",\"isPartOf\":{\"@id\":\"https:\/\/praga.org\/#website\"},\"primaryImageOfPage\":{\"@id\":\"https:\/\/praga.org\/es\/transporte-de-praga-como-moverse\/tranvia-en-praga\/#primaryimage\"},\"image\":{\"@id\":\"https:\/\/praga.org\/es\/transporte-de-praga-como-moverse\/tranvia-en-praga\/#primaryimage\"},\"thumbnailUrl\":\"https:\/\/praga.org\/wp-content\/uploads\/2017\/03\/tram-praga2.jpg\",\"datePublished\":\"2021-06-21T10:59:34+00:00\",\"dateModified\":\"2022-10-24T13:40:49+00:00\",\"description\":\"El tranv\u00eda de Praga es un medio muy utilizado que recorre la ciudad de forma generalizada. Toda la informaci\u00f3n \u00fatil para usarlo.\",\"breadcrumb\":{\"@id\":\"https:\/\/praga.org\/es\/transporte-de-praga-como-moverse\/tranvia-en-praga\/#breadcrumb\"},\"inLanguage\":\"es-ES\",\"potentialAction\":[{\"@type\":\"ReadAction\",\"target\":[\"https:\/\/praga.org\/es\/transporte-de-praga-como-moverse\/tranvia-en-praga\/\"]}]},{\"@type\":\"ImageObject\",\"inLanguage\":\"es-ES\",\"@id\":\"https:\/\/praga.org\/es\/transporte-de-praga-como-moverse\/tranvia-en-praga\/#primaryimage\",\"url\":\"https:\/\/praga.org\/wp-content\/uploads\/2017\/03\/tram-praga2.jpg\",\"contentUrl\":\"https:\/\/praga.org\/wp-content\/uploads\/2017\/03\/tram-praga2.jpg\",\"width\":750,\"height\":500,\"caption\":\"Tranvia en Praga\"},{\"@type\":\"BreadcrumbList\",\"@id\":\"https:\/\/praga.org\/es\/transporte-de-praga-como-moverse\/tranvia-en-praga\/#breadcrumb\",\"itemListElement\":[{\"@type\":\"ListItem\",\"position\":1,\"name\":\"Home\",\"item\":\"https:\/\/praga.org\/es\/transporte-de-praga-como-moverse\/\"},{\"@type\":\"ListItem\",\"position\":2,\"name\":\"Tranv\u00eda en Praga\"}]},{\"@type\":\"WebSite\",\"@id\":\"https:\/\/praga.org\/#website\",\"url\":\"https:\/\/praga.org\/\",\"name\":\"praga.org\",\"description\":\"Guida completa per un viaggio a Praga\",\"potentialAction\":[{\"@type\":\"SearchAction\",\"target\":{\"@type\":\"EntryPoint\",\"urlTemplate\":\"https:\/\/praga.org\/?s={search_term_string}\"},\"query-input\":\"required name=search_term_string\"}],\"inLanguage\":\"es-ES\"}]}<\/script>\n<!-- \/ Yoast SEO plugin. -->","yoast_head_json":{"title":"Tranv\u00eda de Praga: mapa, l\u00edneas, horarios y tarifas.","description":"El tranv\u00eda de Praga es un medio muy utilizado que recorre la ciudad de forma generalizada. Toda la informaci\u00f3n \u00fatil para usarlo.","robots":{"index":"index","follow":"follow","max-snippet":"max-snippet:-1","max-image-preview":"max-image-preview:large","max-video-preview":"max-video-preview:-1"},"canonical":"https:\/\/praga.org\/es\/transporte-de-praga-como-moverse\/tranvia-en-praga\/","og_locale":"es_ES","og_type":"article","og_title":"Tranv\u00eda de Praga: mapa, l\u00edneas, horarios y tarifas.","og_description":"El tranv\u00eda de Praga es un medio muy utilizado que recorre la ciudad de forma generalizada. Toda la informaci\u00f3n \u00fatil para usarlo.","og_url":"https:\/\/praga.org\/es\/transporte-de-praga-como-moverse\/tranvia-en-praga\/","og_site_name":"praga.org","article_publisher":"https:\/\/www.facebook.com\/praga.org\/","article_modified_time":"2022-10-24T13:40:49+00:00","og_image":[{"width":750,"height":500,"url":"https:\/\/praga.org\/wp-content\/uploads\/2017\/03\/tram-praga2.jpg","type":"image\/jpeg"}],"twitter_card":"summary_large_image","twitter_misc":{"Est. reading time":"4 minutes"},"schema":{"@context":"https:\/\/schema.org","@graph":[{"@type":"WebPage","@id":"https:\/\/praga.org\/es\/transporte-de-praga-como-moverse\/tranvia-en-praga\/","url":"https:\/\/praga.org\/es\/transporte-de-praga-como-moverse\/tranvia-en-praga\/","name":"Tranv\u00eda de Praga: mapa, l\u00edneas, horarios y tarifas.","isPartOf":{"@id":"https:\/\/praga.org\/#website"},"primaryImageOfPage":{"@id":"https:\/\/praga.org\/es\/transporte-de-praga-como-moverse\/tranvia-en-praga\/#primaryimage"},"image":{"@id":"https:\/\/praga.org\/es\/transporte-de-praga-como-moverse\/tranvia-en-praga\/#primaryimage"},"thumbnailUrl":"https:\/\/praga.org\/wp-content\/uploads\/2017\/03\/tram-praga2.jpg","datePublished":"2021-06-21T10:59:34+00:00","dateModified":"2022-10-24T13:40:49+00:00","description":"El tranv\u00eda de Praga es un medio muy utilizado que recorre la ciudad de forma generalizada. Toda la informaci\u00f3n \u00fatil para usarlo.","breadcrumb":{"@id":"https:\/\/praga.org\/es\/transporte-de-praga-como-moverse\/tranvia-en-praga\/#breadcrumb"},"inLanguage":"es-ES","potentialAction":[{"@type":"ReadAction","target":["https:\/\/praga.org\/es\/transporte-de-praga-como-moverse\/tranvia-en-praga\/"]}]},{"@type":"ImageObject","inLanguage":"es-ES","@id":"https:\/\/praga.org\/es\/transporte-de-praga-como-moverse\/tranvia-en-praga\/#primaryimage","url":"https:\/\/praga.org\/wp-content\/uploads\/2017\/03\/tram-praga2.jpg","contentUrl":"https:\/\/praga.org\/wp-content\/uploads\/2017\/03\/tram-praga2.jpg","width":750,"height":500,"caption":"Tranvia en Praga"},{"@type":"BreadcrumbList","@id":"https:\/\/praga.org\/es\/transporte-de-praga-como-moverse\/tranvia-en-praga\/#breadcrumb","itemListElement":[{"@type":"ListItem","position":1,"name":"Home","item":"https:\/\/praga.org\/es\/transporte-de-praga-como-moverse\/"},{"@type":"ListItem","position":2,"name":"Tranv\u00eda en Praga"}]},{"@type":"WebSite","@id":"https:\/\/praga.org\/#website","url":"https:\/\/praga.org\/","name":"praga.org","description":"Guida completa per un viaggio a Praga","potentialAction":[{"@type":"SearchAction","target":{"@type":"EntryPoint","urlTemplate":"https:\/\/praga.org\/?s={search_term_string}"},"query-input":"required name=search_term_string"}],"inLanguage":"es-ES"}]}},"_links":{"self":[{"href":"https:\/\/praga.org\/es\/wp-json\/wp\/v2\/pages\/4745"}],"collection":[{"href":"https:\/\/praga.org\/es\/wp-json\/wp\/v2\/pages"}],"about":[{"href":"https:\/\/praga.org\/es\/wp-json\/wp\/v2\/types\/page"}],"author":[{"embeddable":true,"href":"https:\/\/praga.org\/es\/wp-json\/wp\/v2\/users\/5"}],"replies":[{"embeddable":true,"href":"https:\/\/praga.org\/es\/wp-json\/wp\/v2\/comments?post=4745"}],"version-history":[{"count":1,"href":"https:\/\/praga.org\/es\/wp-json\/wp\/v2\/pages\/4745\/revisions"}],"predecessor-version":[{"id":5927,"href":"https:\/\/praga.org\/es\/wp-json\/wp\/v2\/pages\/4745\/revisions\/5927"}],"up":[{"embeddable":true,"href":"https:\/\/praga.org\/es\/wp-json\/wp\/v2\/pages\/4711"}],"wp:featuredmedia":[{"embeddable":true,"href":"https:\/\/praga.org\/es\/wp-json\/wp\/v2\/media\/3890"}],"wp:attachment":[{"href":"https:\/\/praga.org\/es\/wp-json\/wp\/v2\/media?parent=4745"}],"curies":[{"name":"wp","href":"https:\/\/api.w.org\/{rel}","templated":true}]}}