{"id":4726,"date":"2021-06-21T11:07:22","date_gmt":"2021-06-21T09:07:22","guid":{"rendered":"https:\/\/praga.org\/?page_id=4726"},"modified":"2022-10-24T15:40:29","modified_gmt":"2022-10-24T13:40:29","slug":"funicular-de-petrin","status":"publish","type":"page","link":"https:\/\/praga.org\/es\/transporte-de-praga-como-moverse\/funicular-de-petrin\/","title":{"rendered":"Funicular de Pet\u0159\u00edn"},"content":{"rendered":"\n<p>Subir al Funicular de Petrin es sin duda <strong>la forma m\u00e1s c\u00f3moda de llegar a la cima de la colina hom\u00f3nima<\/strong>, que se encuentra sobre <a href=\"https:\/\/praga.org\/es\/que-ver-en-praga\/mala-strana-praga\/\">Mal\u00e1 Strana<\/a> y est\u00e1 llena de atracciones.<\/p>\n\n\n\n<p>El funicular comenz\u00f3 a funcionar en 1891. A lo largo de los a\u00f1os ha sido modificado, cerrado por largos per\u00edodos, modernizado y hoy representa una de las principales atracciones tur\u00edsticas de Praga que recomiendo no perderse. <\/p>\n\n\n\n<p>Las dos cabinas del funicular recorren 510 metros y superan un desnivel de 130 metros, con una velocidad de 4 metros por segundo que te permitir\u00e1 llegar a tu destino en cuatro minutos.<\/p>\n\n\n\n<p><strong>La alternativa para llegar en cima al cerro es un agradable paseo<\/strong> o, mejor dicho, \u00a1una peque\u00f1a y fascinante subida cuesta arriba! Si te gusta la idea de enfrentarte a la pendiente, avanza sin demora en tus piernas, de lo contrario opta por el funicular.<\/p>\n\n\n\n\n\n<h2 class=\"wp-block-heading\">D\u00f3nde tomar el funicular, horarios y billetes<\/h2>\n\n\n\n<p>El funicular est\u00e1 abierto desde las 9 hasta las 23.30 (entre abril y octubre) o hasta las 23.20 (desde noviembre hasta marzo) y est\u00e1 conectado a la red de <a href=\"https:\/\/praga.org\/es\/transporte-de-praga-como-moverse\/tranvia-en-praga\/\">tranv\u00eda<\/a> a trav\u00e9s de la parada \u00dajezd.<\/p>\n\n\n\n<p>Hay tres paradas:<\/p>\n\n\n\n<p>\u00dajezd, la estaci\u00f3n intermedia de Neboz\u00edzek y finalmente Pet\u0159\u00edn (donde tambi\u00e9n hay una exposici\u00f3n permanente sobre los funiculares de Praga).<\/p>\n\n\n\n<p>La frecuencia del servicio es buena: cada 10 minutos en verano y cada 15 en invierno.<\/p>\n\n\n\n<p><strong>El billete es el de <a href=\"https:\/\/praga.org\/es\/transporte-de-praga-como-moverse\/\">transporte p\u00fablico<\/a><\/strong>, con los siguientes precios:<\/p>\n\n\n\n<ul><li>Adultos (a partir de 15 a\u00f1os): 32 CZK (billete sencillo ordinario de 90 minutos);<\/li><li>24 CZK (a corto plazo, 30 minutos);<\/li><li>ni\u00f1os de 6 a 15 a\u00f1os y personas mayores de 60 a 65: 16 CZK ordinarias \/ 12 CZK a corto plazo.<\/li><\/ul>\n\n\n\n<p>Puedes encontrar m\u00e1s informaci\u00f3n sobre <a href=\"https:\/\/praga.org\/es\/transporte-de-praga-como-moverse\/billetes-y-abonos-transporte-publico-de-praga\/\">los billetes de transporte p\u00fablico de Praga aqu\u00ed<\/a>.<\/p>\n\n\n\n<h2 class=\"wp-block-heading\">Las bellezas de la colina de Petrin<\/h2>\n\n\n\n<p>Las colinas que rodean Praga son numerosas, pero la de Petrin <strong>es perfectamente reconocible gracias a su torre panor\u00e1mica<\/strong>, que se alza en lo alto y reproduce, en reducidas dimensiones, la Torre Eiffel de Par\u00eds. <\/p>\n\n\n\n<p>Antiguamente vid del rey Carlos, <strong>la colina es una zona verde que siempre ha fascinado a todo aquel que la visita<\/strong>: desde escritores checoslovacos como Franz Kafka y Milan Kundera, que la describieron en sus obras, hasta ciudadanos comunes de Praga, pasando por turistas de todo el mundo.<\/p>\n\n\n\n<p>Los principales atractivos y monumentos que encontrar\u00e1s en el cerro:<\/p>\n\n\n\n<h3 class=\"wp-block-heading\">Torre Panoramica de Petrin<\/h3>\n\n\n\n<p><strong>La torre panor\u00e1mica<\/strong> (la &#8220;Peque\u00f1a Torre Eiffel&#8221;), que tiene una altura de 63,5 metros y se puede visitar pagando la entrada; el billete b\u00e1sico cuesta 120 CZK, el reducido 65 CZK, el familiar 300 CZK. A menos que decida tomar el ascensor (y en este caso tendr\u00e1 que pagar un recargo de 60 CZK o 30 CZK) \u2026 \u00a1piernas arriba! <br><br>Hay que afrontar 299 escalones, pero el peque\u00f1o esfuerzo ser\u00e1 ampliamente recompensado con la maravillosa vista panor\u00e1mica que se puede disfrutar desde la galer\u00eda superior; se puede admirar toda la ciudad y, si hace buen tiempo, tambi\u00e9n buena parte de la regi\u00f3n de Bohemia.<\/p>\n\n\n\n<p><a class=\"link-amico\" href=\"https:\/\/praga.org\/es\/que-ver-en-praga\/torre-de-petrin-praga\/\"><span class=\"cell\">Torre Panoramica <\/span><span class=\"cell\"><span class=\"button\">Sigue leyendo!<\/span><\/span><\/a><\/p>\n\n\n\n<h3 class=\"wp-block-heading\">El bonito Laberinto de espejos<\/h3>\n\n\n\n<p><strong>El bonito Laberinto de espejos<\/strong>, cerca de la torre de observaci\u00f3n, que entretendr\u00e1 a grandes y peque\u00f1os (billete completo 90 CZK, reducido 65 CZK, familia 250 CZK). Busca la entrada al edificio, que parece un castillo, y prep\u00e1rate para re\u00edr (\u00a1mucho!) Al ver tu imagen reflejada y distorsionada por los espejos especiales.<\/p>\n\n\n\n<h3 class=\"wp-block-heading\">Observatorio Astron\u00f3mico de \u0160tef\u00e1nik<\/h3>\n\n\n\n<p><strong>El Observatorio Astron\u00f3mico de \u0160tef\u00e1nik<\/strong>, con su intrigante equipamiento t\u00e9cnico y exposici\u00f3n de astronom\u00eda, que permite a los visitantes observar el cielo tanto de d\u00eda como de noche (billete interno 90 CZK, reducido 65 CZK, familia 250 CZK).<\/p>\n\n\n\n<h3 class=\"wp-block-heading\">Los Jardines de Petrin<\/h3>\n\n\n<div class=\"wp-block-image\">\n<figure class=\"aligncenter size-large\"><a href=\"https:\/\/praga.org\/wp-content\/uploads\/2019\/05\/funicolare-petrin-giardini.jpg\"><img decoding=\"async\" width=\"700\" height=\"464\" src=\"https:\/\/praga.org\/wp-content\/uploads\/2019\/05\/funicolare-petrin-giardini.jpg\" alt=\"Jardin de Petrin, Praga\" class=\"wp-image-4236\" srcset=\"https:\/\/praga.org\/wp-content\/uploads\/2019\/05\/funicolare-petrin-giardini.jpg 700w, https:\/\/praga.org\/wp-content\/uploads\/2019\/05\/funicolare-petrin-giardini-300x199.jpg 300w\" sizes=\"(max-width: 700px) 100vw, 700px\" \/><\/a><figcaption>Jardin de Petrin, Praga<\/figcaption><\/figure><\/div>\n\n\n<p>En los jardines podr\u00e1s pasear y relajarte; en particular, el fragante jard\u00edn de rosas, el jard\u00edn de Kinsk\u00fd y el jard\u00edn del seminario lleno de \u00e1rboles frutales.<\/p>\n\n\n\n<h3 class=\"wp-block-heading\">La Muralla del Hambre<\/h3>\n\n\n\n<p><strong>La Muralla del Hambre<\/strong>, muralla de fortificaciones defensivas de 1200 metros de largo que cruza el Parque Petrin con sus caracter\u00edsticos cordones, aspilleras y murallas. Se dice que este muro fue construido por Carlos IV para alimentar a la poblaci\u00f3n necesitada en un per\u00edodo de hambruna, a cambio de alojamiento y comida. Cerca del muro hay un famoso monumento dedicado a las v\u00edctimas del comunismo, obra de Olbram Zoubek.<\/p>\n\n\n\n<h3 class=\"wp-block-heading\">Monasterio de Strahov<\/h3>\n\n\n\n<p>Es un complejo religioso fundado en 1140 que incluye la Iglesia de la Asunci\u00f3n de la Virgen Mar\u00eda, dos bibliotecas y magn\u00edficos salones.<\/p>\n\n\n\n<h3 class=\"wp-block-heading\">Iglesia de San Lorenzo bajo Pet\u0159\u00edn<\/h3>\n\n\n\n<p>Por \u00faltimo, la <strong>Iglesia de San Lorenzo bajo Pet\u0159\u00edn<\/strong>, con sus tres torres, y la peque\u00f1a Iglesia del Arc\u00e1ngel Miguel de estilo ortodoxo, trasladada a Praga desde la ciudad de Muka\u010deve en Ucrania, tambi\u00e9n son dignas de atenci\u00f3n.<\/p>\n\n\n\n<p>Incluso si tu viaje a Praga dura unos d\u00edas, intente visitar la Colina de Petrin: hay mucho que ver y te encantar\u00e1.<\/p>\n\n\n\n<h2 class=\"wp-block-heading\">Mapa: qu\u00e9 ver cerca<\/h2>\n\n\n<!--  Main results wrapper -->\n<div class=\"gmw-results-wrapper gmw-template-responsive-1 gmw-nbpost-responsive-1-results-wrapper gmw-element-template gmw-fields-enhanced gmw-grid-view gmw-has-image image-enabled\" data-id=\"631\" data-prefix=\"nbpost\">\n\t<div class=\"gmw-results\">\n\n\t\n\t<div id=\"gmw-map-wrapper-631\" class=\"gmw-map-wrapper  nbpost nearby_locations \" style=\"width:100%;height:250px;\"> <span id=\"gmw-resize-map-toggle-631\" class=\"gmw-resize-map-toggle gmw-icon-resize-full\" style=\"display:none;\" title=\"Resize map\"><\/span> <div id=\"gmw-map-loader-631\" class=\"gmw-map-loader\"><\/div> <div id=\"gmw-map-631\" class=\"gmw-map nbpost nearby_locations\" style=\"width:100%; height:100%\" data-map_id=\"631\" data-prefix=\"nbpost\" data-map_type=\"nearby_locations\" data-icons_usage=\"global\"><\/div> <\/div>\n\t\n\t<div class=\"gmw-results-list posts-list-wrapper\">\n\t\t<div id=\"gmw-single-post-4372\" class=\"gmw-single-item gmw-single-post gmw-object-4372\">\n\n\t<div class=\"gmw-item-inner\">\n\n\t\t\n\t\t<div class=\"gmw-item-header\">\n\t\t\t<div class=\"gmw-image-wrapper gmw-search_results-image-wrapper\"><a href=\"https:\/\/praga.org\/es\/aeropuerto-de-praga\/\"><img src=\"https:\/\/praga.org\/wp-content\/uploads\/2017\/04\/aeroporto-praga-1.jpg\"  decoding=\"async\" class=\"skip-lazy gmw-image gmw-post-image gmw-search_results-image\" style=\"width:120px;height:auto;\"\/><\/a><\/div>\t\t<\/div>\n\n\t\t<div class=\"gmw-item-content\">\n\n\t\t\t\n\t\t\t<h3 class=\"gmw-item gmw-item-title\">\n\t\t\t\t<a href=\"https:\/\/praga.org\/es\/aeropuerto-de-praga\/\" >Aeropuerto de Praga<\/a>\t\t\t\t\t\t\t<\/h3>\n\n\t\t\t\n\t\t\t\n\t\t\t\n\t\t\t\n\t\t\t<div class=\"gmw-item taxonomies-list-wrapper\"><div class=\"gmw-taxonomy-terms gmw-taxes  \"><span class=\"gmw-tax-label\">Prioridades de traducci\u00f3n: <\/span><span class=\"gmw-terms-wrapper\"><a href=\"https:\/\/praga.org\/es\/?taxonomy=translation_priority&#038;term=opcional\">Opcional<\/a><\/span><\/div><\/div>\n\t\t\t\n\t\t\t\t\t<\/div>\n\n\t\t<div class=\"gmw-item-footer\">\n\t\t\t\t\t<\/div>\n\n\t\t\t<\/div>\n\n<\/div>\n<div id=\"gmw-single-post-4393\" class=\"gmw-single-item gmw-single-post gmw-object-4393\">\n\n\t<div class=\"gmw-item-inner\">\n\n\t\t\n\t\t<div class=\"gmw-item-header\">\n\t\t\t<div class=\"gmw-image-wrapper gmw-search_results-image-wrapper\"><a href=\"https:\/\/praga.org\/es\/que-comprar-en-praga\/\"><img src=\"https:\/\/praga.org\/wp-content\/uploads\/2018\/09\/cristallo-di-bohemia.jpg\"  decoding=\"async\" class=\"skip-lazy gmw-image gmw-post-image gmw-search_results-image\" style=\"width:120px;height:auto;\"\/><\/a><\/div>\t\t<\/div>\n\n\t\t<div class=\"gmw-item-content\">\n\n\t\t\t\n\t\t\t<h3 class=\"gmw-item gmw-item-title\">\n\t\t\t\t<a href=\"https:\/\/praga.org\/es\/que-comprar-en-praga\/\" >Qu\u00e9 comprar en Praga: los recuerdos t\u00edpicos<\/a>\t\t\t\t\t\t\t<\/h3>\n\n\t\t\t\n\t\t\t\n\t\t\t\n\t\t\t\n\t\t\t<div class=\"gmw-item taxonomies-list-wrapper\"><div class=\"gmw-taxonomy-terms gmw-taxes  \"><span class=\"gmw-tax-label\">Prioridades de traducci\u00f3n: <\/span><span class=\"gmw-terms-wrapper\"><a href=\"https:\/\/praga.org\/es\/?taxonomy=translation_priority&#038;term=opcional\">Opcional<\/a><\/span><\/div><\/div>\n\t\t\t\n\t\t\t\t\t<\/div>\n\n\t\t<div class=\"gmw-item-footer\">\n\t\t\t\t\t<\/div>\n\n\t\t\t<\/div>\n\n<\/div>\n<div id=\"gmw-single-post-4406\" class=\"gmw-single-item gmw-single-post gmw-object-4406\">\n\n\t<div class=\"gmw-item-inner\">\n\n\t\t\n\t\t<div class=\"gmw-item-header\">\n\t\t\t<div class=\"gmw-image-wrapper gmw-search_results-image-wrapper\"><a href=\"https:\/\/praga.org\/es\/que-ver-en-praga\/\"><img src=\"https:\/\/praga.org\/wp-content\/uploads\/2017\/02\/cosa-vedere-praga.jpg\"  decoding=\"async\" class=\"skip-lazy gmw-image gmw-post-image gmw-search_results-image\" style=\"width:120px;height:auto;\"\/><\/a><\/div>\t\t<\/div>\n\n\t\t<div class=\"gmw-item-content\">\n\n\t\t\t\n\t\t\t<h3 class=\"gmw-item gmw-item-title\">\n\t\t\t\t<a href=\"https:\/\/praga.org\/es\/que-ver-en-praga\/\" >Qu\u00e9 ver en Praga<\/a>\t\t\t\t\t\t\t<\/h3>\n\n\t\t\t\n\t\t\t\n\t\t\t\n\t\t\t\n\t\t\t<div class=\"gmw-item taxonomies-list-wrapper\"><div class=\"gmw-taxonomy-terms gmw-taxes  \"><span class=\"gmw-tax-label\">Prioridades de traducci\u00f3n: <\/span><span class=\"gmw-terms-wrapper\"><a href=\"https:\/\/praga.org\/es\/?taxonomy=translation_priority&#038;term=opcional\">Opcional<\/a><\/span><\/div><\/div>\n\t\t\t\n\t\t\t\t\t<\/div>\n\n\t\t<div class=\"gmw-item-footer\">\n\t\t\t\t\t<\/div>\n\n\t\t\t<\/div>\n\n<\/div>\n<div id=\"gmw-single-post-4439\" class=\"gmw-single-item gmw-single-post gmw-object-4439 gmw-location-41\">\n\n\t<div class=\"gmw-item-inner\">\n\n\t\t\n\t\t<div class=\"gmw-item-header\">\n\t\t\t<div class=\"gmw-image-wrapper gmw-search_results-image-wrapper\"><a href=\"https:\/\/praga.org\/es\/que-ver-en-praga\/casa-danzante-de-praga\/\"><img src=\"https:\/\/praga.org\/wp-content\/uploads\/2017\/02\/casa-danzante-nove-mesto.jpg\"  decoding=\"async\" class=\"skip-lazy gmw-image gmw-post-image gmw-search_results-image\" style=\"width:120px;height:auto;\"\/><\/a><\/div>\t\t<\/div>\n\n\t\t<div class=\"gmw-item-content\">\n\n\t\t\t\n\t\t\t<h3 class=\"gmw-item gmw-item-title\">\n\t\t\t\t<a href=\"https:\/\/praga.org\/es\/que-ver-en-praga\/casa-danzante-de-praga\/\" >La Casa danzante de Praga<\/a>\t\t\t\t<div class=\"gmw-item gmw-item-address\"><i class=\"gmw-icon-location-thin\"><\/i><a href=\"https:\/\/maps.google.com\/?q=Casa danzante praga\" target=\"_blank\">Casa danzante praga<\/a><\/div>\t\t\t<\/h3>\n\n\t\t\t\n\t\t\t\n\t\t\t\n\t\t\t\n\t\t\t<div class=\"gmw-item taxonomies-list-wrapper\"><div class=\"gmw-taxonomy-terms gmw-taxes  \"><span class=\"gmw-tax-label\">Prioridades de traducci\u00f3n: <\/span><span class=\"gmw-terms-wrapper\"><a href=\"https:\/\/praga.org\/es\/?taxonomy=translation_priority&#038;term=opcional\">Opcional<\/a><\/span><\/div><\/div>\n\t\t\t\n\t\t\t\t\t<\/div>\n\n\t\t<div class=\"gmw-item-footer\">\n\t\t\t<div class=\"gmw-item gmw-item-address\"><i class=\"gmw-icon-location-thin\"><\/i><a href=\"https:\/\/maps.google.com\/?q=Casa danzante praga\" target=\"_blank\">Casa danzante praga<\/a><\/div>\t\t<\/div>\n\n\t\t\t<\/div>\n\n<\/div>\n\t<\/div>\n\n\t\n\t\n<\/div>\n<\/div>\n\n","protected":false},"excerpt":{"rendered":"<p>Subir al Funicular de Petrin es sin duda la forma m\u00e1s c\u00f3moda de llegar a la cima de la colina hom\u00f3nima, que se encuentra sobre Mal\u00e1 Strana y est\u00e1 llena de atracciones. El funicular comenz\u00f3 a funcionar en 1891. A lo largo de los a\u00f1os ha sido modificado, cerrado por largos per\u00edodos, modernizado y hoy [&hellip;]<\/p>\n","protected":false},"author":5,"featured_media":3884,"parent":4711,"menu_order":0,"comment_status":"open","ping_status":"open","template":"","meta":{"footnotes":""},"yoast_head":"<!-- This site is optimized with the Yoast SEO plugin v22.8 - https:\/\/yoast.com\/wordpress\/plugins\/seo\/ -->\n<title>Funicular de Pet\u0159\u00edn: c\u00f3mo llegar, precio de las entradas y qu\u00e9 ver en la cima<\/title>\n<meta name=\"description\" content=\"El Funicular de Pet\u0159\u00edn es la mejor forma de llegar a la cima de la colina y visitar la torre y el laberinto de espejos.\" \/>\n<meta name=\"robots\" content=\"index, follow, max-snippet:-1, max-image-preview:large, max-video-preview:-1\" \/>\n<link rel=\"canonical\" href=\"https:\/\/praga.org\/es\/transporte-de-praga-como-moverse\/funicular-de-petrin\/\" \/>\n<meta property=\"og:locale\" content=\"es_ES\" \/>\n<meta property=\"og:type\" content=\"article\" \/>\n<meta property=\"og:title\" content=\"Funicular de Pet\u0159\u00edn: c\u00f3mo llegar, precio de las entradas y qu\u00e9 ver en la cima\" \/>\n<meta property=\"og:description\" content=\"El Funicular de Pet\u0159\u00edn es la mejor forma de llegar a la cima de la colina y visitar la torre y el laberinto de espejos.\" \/>\n<meta property=\"og:url\" content=\"https:\/\/praga.org\/es\/transporte-de-praga-como-moverse\/funicular-de-petrin\/\" \/>\n<meta property=\"og:site_name\" content=\"praga.org\" \/>\n<meta property=\"article:publisher\" content=\"https:\/\/www.facebook.com\/praga.org\/\" \/>\n<meta property=\"article:modified_time\" content=\"2022-10-24T13:40:29+00:00\" \/>\n<meta property=\"og:image\" content=\"https:\/\/praga.org\/wp-content\/uploads\/2017\/03\/trasporti-praga-funicolare.jpg\" \/>\n\t<meta property=\"og:image:width\" content=\"700\" \/>\n\t<meta property=\"og:image:height\" content=\"467\" \/>\n\t<meta property=\"og:image:type\" content=\"image\/jpeg\" \/>\n<meta name=\"twitter:card\" content=\"summary_large_image\" \/>\n<meta name=\"twitter:label1\" content=\"Est. reading time\" \/>\n\t<meta name=\"twitter:data1\" content=\"4 minutes\" \/>\n<script type=\"application\/ld+json\" class=\"yoast-schema-graph\">{\"@context\":\"https:\/\/schema.org\",\"@graph\":[{\"@type\":\"WebPage\",\"@id\":\"https:\/\/praga.org\/es\/transporte-de-praga-como-moverse\/funicular-de-petrin\/\",\"url\":\"https:\/\/praga.org\/es\/transporte-de-praga-como-moverse\/funicular-de-petrin\/\",\"name\":\"Funicular de Pet\u0159\u00edn: c\u00f3mo llegar, precio de las entradas y qu\u00e9 ver en la cima\",\"isPartOf\":{\"@id\":\"https:\/\/praga.org\/#website\"},\"primaryImageOfPage\":{\"@id\":\"https:\/\/praga.org\/es\/transporte-de-praga-como-moverse\/funicular-de-petrin\/#primaryimage\"},\"image\":{\"@id\":\"https:\/\/praga.org\/es\/transporte-de-praga-como-moverse\/funicular-de-petrin\/#primaryimage\"},\"thumbnailUrl\":\"https:\/\/praga.org\/wp-content\/uploads\/2017\/03\/trasporti-praga-funicolare.jpg\",\"datePublished\":\"2021-06-21T09:07:22+00:00\",\"dateModified\":\"2022-10-24T13:40:29+00:00\",\"description\":\"El Funicular de Pet\u0159\u00edn es la mejor forma de llegar a la cima de la colina y visitar la torre y el laberinto de espejos.\",\"breadcrumb\":{\"@id\":\"https:\/\/praga.org\/es\/transporte-de-praga-como-moverse\/funicular-de-petrin\/#breadcrumb\"},\"inLanguage\":\"es-ES\",\"potentialAction\":[{\"@type\":\"ReadAction\",\"target\":[\"https:\/\/praga.org\/es\/transporte-de-praga-como-moverse\/funicular-de-petrin\/\"]}]},{\"@type\":\"ImageObject\",\"inLanguage\":\"es-ES\",\"@id\":\"https:\/\/praga.org\/es\/transporte-de-praga-como-moverse\/funicular-de-petrin\/#primaryimage\",\"url\":\"https:\/\/praga.org\/wp-content\/uploads\/2017\/03\/trasporti-praga-funicolare.jpg\",\"contentUrl\":\"https:\/\/praga.org\/wp-content\/uploads\/2017\/03\/trasporti-praga-funicolare.jpg\",\"width\":700,\"height\":467,\"caption\":\"Funicular de Petrin, Praga\"},{\"@type\":\"BreadcrumbList\",\"@id\":\"https:\/\/praga.org\/es\/transporte-de-praga-como-moverse\/funicular-de-petrin\/#breadcrumb\",\"itemListElement\":[{\"@type\":\"ListItem\",\"position\":1,\"name\":\"Home\",\"item\":\"https:\/\/praga.org\/es\/transporte-de-praga-como-moverse\/\"},{\"@type\":\"ListItem\",\"position\":2,\"name\":\"Funicular de Pet\u0159\u00edn\"}]},{\"@type\":\"WebSite\",\"@id\":\"https:\/\/praga.org\/#website\",\"url\":\"https:\/\/praga.org\/\",\"name\":\"praga.org\",\"description\":\"Guida completa per un viaggio a Praga\",\"potentialAction\":[{\"@type\":\"SearchAction\",\"target\":{\"@type\":\"EntryPoint\",\"urlTemplate\":\"https:\/\/praga.org\/?s={search_term_string}\"},\"query-input\":\"required name=search_term_string\"}],\"inLanguage\":\"es-ES\"}]}<\/script>\n<!-- \/ Yoast SEO plugin. -->","yoast_head_json":{"title":"Funicular de Pet\u0159\u00edn: c\u00f3mo llegar, precio de las entradas y qu\u00e9 ver en la cima","description":"El Funicular de Pet\u0159\u00edn es la mejor forma de llegar a la cima de la colina y visitar la torre y el laberinto de espejos.","robots":{"index":"index","follow":"follow","max-snippet":"max-snippet:-1","max-image-preview":"max-image-preview:large","max-video-preview":"max-video-preview:-1"},"canonical":"https:\/\/praga.org\/es\/transporte-de-praga-como-moverse\/funicular-de-petrin\/","og_locale":"es_ES","og_type":"article","og_title":"Funicular de Pet\u0159\u00edn: c\u00f3mo llegar, precio de las entradas y qu\u00e9 ver en la cima","og_description":"El Funicular de Pet\u0159\u00edn es la mejor forma de llegar a la cima de la colina y visitar la torre y el laberinto de espejos.","og_url":"https:\/\/praga.org\/es\/transporte-de-praga-como-moverse\/funicular-de-petrin\/","og_site_name":"praga.org","article_publisher":"https:\/\/www.facebook.com\/praga.org\/","article_modified_time":"2022-10-24T13:40:29+00:00","og_image":[{"width":700,"height":467,"url":"https:\/\/praga.org\/wp-content\/uploads\/2017\/03\/trasporti-praga-funicolare.jpg","type":"image\/jpeg"}],"twitter_card":"summary_large_image","twitter_misc":{"Est. reading time":"4 minutes"},"schema":{"@context":"https:\/\/schema.org","@graph":[{"@type":"WebPage","@id":"https:\/\/praga.org\/es\/transporte-de-praga-como-moverse\/funicular-de-petrin\/","url":"https:\/\/praga.org\/es\/transporte-de-praga-como-moverse\/funicular-de-petrin\/","name":"Funicular de Pet\u0159\u00edn: c\u00f3mo llegar, precio de las entradas y qu\u00e9 ver en la cima","isPartOf":{"@id":"https:\/\/praga.org\/#website"},"primaryImageOfPage":{"@id":"https:\/\/praga.org\/es\/transporte-de-praga-como-moverse\/funicular-de-petrin\/#primaryimage"},"image":{"@id":"https:\/\/praga.org\/es\/transporte-de-praga-como-moverse\/funicular-de-petrin\/#primaryimage"},"thumbnailUrl":"https:\/\/praga.org\/wp-content\/uploads\/2017\/03\/trasporti-praga-funicolare.jpg","datePublished":"2021-06-21T09:07:22+00:00","dateModified":"2022-10-24T13:40:29+00:00","description":"El Funicular de Pet\u0159\u00edn es la mejor forma de llegar a la cima de la colina y visitar la torre y el laberinto de espejos.","breadcrumb":{"@id":"https:\/\/praga.org\/es\/transporte-de-praga-como-moverse\/funicular-de-petrin\/#breadcrumb"},"inLanguage":"es-ES","potentialAction":[{"@type":"ReadAction","target":["https:\/\/praga.org\/es\/transporte-de-praga-como-moverse\/funicular-de-petrin\/"]}]},{"@type":"ImageObject","inLanguage":"es-ES","@id":"https:\/\/praga.org\/es\/transporte-de-praga-como-moverse\/funicular-de-petrin\/#primaryimage","url":"https:\/\/praga.org\/wp-content\/uploads\/2017\/03\/trasporti-praga-funicolare.jpg","contentUrl":"https:\/\/praga.org\/wp-content\/uploads\/2017\/03\/trasporti-praga-funicolare.jpg","width":700,"height":467,"caption":"Funicular de Petrin, Praga"},{"@type":"BreadcrumbList","@id":"https:\/\/praga.org\/es\/transporte-de-praga-como-moverse\/funicular-de-petrin\/#breadcrumb","itemListElement":[{"@type":"ListItem","position":1,"name":"Home","item":"https:\/\/praga.org\/es\/transporte-de-praga-como-moverse\/"},{"@type":"ListItem","position":2,"name":"Funicular de Pet\u0159\u00edn"}]},{"@type":"WebSite","@id":"https:\/\/praga.org\/#website","url":"https:\/\/praga.org\/","name":"praga.org","description":"Guida completa per un viaggio a Praga","potentialAction":[{"@type":"SearchAction","target":{"@type":"EntryPoint","urlTemplate":"https:\/\/praga.org\/?s={search_term_string}"},"query-input":"required name=search_term_string"}],"inLanguage":"es-ES"}]}},"_links":{"self":[{"href":"https:\/\/praga.org\/es\/wp-json\/wp\/v2\/pages\/4726"}],"collection":[{"href":"https:\/\/praga.org\/es\/wp-json\/wp\/v2\/pages"}],"about":[{"href":"https:\/\/praga.org\/es\/wp-json\/wp\/v2\/types\/page"}],"author":[{"embeddable":true,"href":"https:\/\/praga.org\/es\/wp-json\/wp\/v2\/users\/5"}],"replies":[{"embeddable":true,"href":"https:\/\/praga.org\/es\/wp-json\/wp\/v2\/comments?post=4726"}],"version-history":[{"count":1,"href":"https:\/\/praga.org\/es\/wp-json\/wp\/v2\/pages\/4726\/revisions"}],"predecessor-version":[{"id":5924,"href":"https:\/\/praga.org\/es\/wp-json\/wp\/v2\/pages\/4726\/revisions\/5924"}],"up":[{"embeddable":true,"href":"https:\/\/praga.org\/es\/wp-json\/wp\/v2\/pages\/4711"}],"wp:featuredmedia":[{"embeddable":true,"href":"https:\/\/praga.org\/es\/wp-json\/wp\/v2\/media\/3884"}],"wp:attachment":[{"href":"https:\/\/praga.org\/es\/wp-json\/wp\/v2\/media?parent=4726"}],"curies":[{"name":"wp","href":"https:\/\/api.w.org\/{rel}","templated":true}]}}