{"id":4676,"date":"2021-06-18T11:33:27","date_gmt":"2021-06-18T09:33:27","guid":{"rendered":"https:\/\/praga.org\/?page_id=4676"},"modified":"2022-11-21T16:48:03","modified_gmt":"2022-11-21T15:48:03","slug":"tour-de-praga","status":"publish","type":"page","link":"https:\/\/praga.org\/es\/tour-de-praga\/","title":{"rendered":"Tour de Praga"},"content":{"rendered":"\n<div class=\"wp-block-columns is-layout-flex wp-container-core-columns-layout-1 wp-block-columns-is-layout-flex\">\n<div class=\"wp-block-column is-layout-flow wp-block-column-is-layout-flow\">\n<h2 class=\"wp-block-heading\">Crucero por el Moldava<\/h2>\n\n\n<div class=\"wp-block-image\">\n<figure class=\"aligncenter size-large\"><a href=\"https:\/\/praga.org\/wp-content\/uploads\/2019\/01\/crociera-sulla-moldava.jpg\"><img decoding=\"async\" width=\"450\" height=\"253\" src=\"https:\/\/praga.org\/wp-content\/uploads\/2019\/01\/crociera-sulla-moldava.jpg\" alt=\"Crucero por el Moldava, Praga\" class=\"wp-image-4167\" srcset=\"https:\/\/praga.org\/wp-content\/uploads\/2019\/01\/crociera-sulla-moldava.jpg 450w, https:\/\/praga.org\/wp-content\/uploads\/2019\/01\/crociera-sulla-moldava-300x169.jpg 300w\" sizes=\"(max-width: 450px) 100vw, 450px\" \/><\/a><figcaption>Crucero por el Moldava, Praga<\/figcaption><\/figure><\/div>\n\n\n<p>Un paseo en barco por el r\u00edo Moldava siempre debe incluirse en la lista de cosas que hacer en Praga, descubras los diferentes tipos, entre los cuales encontrar\u00e1s el m\u00e1s adecuado para ti.<\/p>\n\n\n\n<div class=\"wp-block-buttons alignwide is-horizontal is-content-justification-center is-layout-flex wp-container-core-buttons-layout-1 wp-block-buttons-is-layout-flex\">\n<div class=\"wp-block-button\"><a class=\"wp-block-button__link has-white-color has-vivid-red-background-color has-text-color has-background\" href=\"https:\/\/praga.org\/es\/tour-de-praga\/crucero-en-praga-por-el-rio-moldava\/\">Crucero por el Moldava<\/a><\/div>\n<\/div>\n\n\n\n<p><\/p>\n<\/div>\n\n\n\n<div class=\"wp-block-column is-layout-flow wp-block-column-is-layout-flow\">\n<h2 class=\"wp-block-heading\">Excursiones de un d\u00eda desde Praga<\/h2>\n\n\n\n<figure class=\"wp-block-image size-large\"><a href=\"https:\/\/praga.org\/wp-content\/uploads\/2021\/07\/escursioni-fuori-praga.jpg\"><img decoding=\"async\" width=\"450\" height=\"253\" src=\"https:\/\/praga.org\/wp-content\/uploads\/2021\/07\/escursioni-fuori-praga.jpg\" alt=\"Qu\u00e9 ver en los alrededores de Praga\" class=\"wp-image-5361\" srcset=\"https:\/\/praga.org\/wp-content\/uploads\/2021\/07\/escursioni-fuori-praga.jpg 450w, https:\/\/praga.org\/wp-content\/uploads\/2021\/07\/escursioni-fuori-praga-300x169.jpg 300w\" sizes=\"(max-width: 450px) 100vw, 450px\" \/><\/a><figcaption>Qu\u00e9 ver en los alrededores de Praga<\/figcaption><\/figure>\n\n\n\n<p>Aunque Praga tiene mucho que ofrecer, no te pierdas al menos una excursi\u00f3n de un d\u00eda libre para descubrir las otras bellezas de la Rep\u00fablica Checa.<\/p>\n\n\n\n<div class=\"wp-block-buttons alignwide is-horizontal is-content-justification-center is-layout-flex wp-container-core-buttons-layout-2 wp-block-buttons-is-layout-flex\">\n<div class=\"wp-block-button\"><a class=\"wp-block-button__link has-white-color has-vivid-red-background-color has-text-color has-background\" href=\"https:\/\/praga.org\/es\/cerca-de-praga\/\">Los mejores tour desde Praga<\/a><\/div>\n<\/div>\n<\/div>\n<\/div>\n\n\n\n<div class=\"wp-block-columns is-layout-flex wp-container-core-columns-layout-2 wp-block-columns-is-layout-flex\">\n<div class=\"wp-block-column is-layout-flow wp-block-column-is-layout-flow\">\n<h2 class=\"wp-block-heading\">10 tour imperdibles<\/h2>\n\n\n\n<figure class=\"wp-block-image size-large\"><a href=\"https:\/\/praga.org\/wp-content\/uploads\/2019\/01\/tour-imperdibili-praga.jpg\"><img decoding=\"async\" width=\"450\" height=\"253\" src=\"https:\/\/praga.org\/wp-content\/uploads\/2019\/01\/tour-imperdibili-praga.jpg\" alt=\"10 tours imperdibles de Praga\" class=\"wp-image-4168\" srcset=\"https:\/\/praga.org\/wp-content\/uploads\/2019\/01\/tour-imperdibili-praga.jpg 450w, https:\/\/praga.org\/wp-content\/uploads\/2019\/01\/tour-imperdibili-praga-300x169.jpg 300w\" sizes=\"(max-width: 450px) 100vw, 450px\" \/><\/a><figcaption>10 tours imperdibles de Praga<\/figcaption><\/figure>\n\n\n\n<p>Incluso si tu viaje a Praga dura solo unos d\u00edas, descubres los tours que no te debes perder.<\/p>\n\n\n\n<div class=\"wp-block-buttons alignwide is-horizontal is-content-justification-center is-layout-flex wp-container-core-buttons-layout-3 wp-block-buttons-is-layout-flex\">\n<div class=\"wp-block-button\"><a class=\"wp-block-button__link has-white-color has-vivid-red-background-color has-text-color has-background\" href=\"https:\/\/praga.org\/es\/tour-de-praga\/10-tours-imperdibles-de-praga\/\">Los tours imperdibles<\/a><\/div>\n<\/div>\n\n\n\n<p><\/p>\n<\/div>\n\n\n\n<div class=\"wp-block-column is-layout-flow wp-block-column-is-layout-flow\">\n<h2 class=\"wp-block-heading\">Bus turistico hop-on hop-off<\/h2>\n\n\n\n<figure class=\"wp-block-image size-large\"><a href=\"https:\/\/praga.org\/wp-content\/uploads\/2019\/05\/tour-Hop-On-Hop-Off-praga.jpg\"><img decoding=\"async\" width=\"450\" height=\"253\" src=\"https:\/\/praga.org\/wp-content\/uploads\/2019\/05\/tour-Hop-On-Hop-Off-praga.jpg\" alt=\"Tour en bus turistico hop-on hop-off, Praga\" class=\"wp-image-4184\" srcset=\"https:\/\/praga.org\/wp-content\/uploads\/2019\/05\/tour-Hop-On-Hop-Off-praga.jpg 450w, https:\/\/praga.org\/wp-content\/uploads\/2019\/05\/tour-Hop-On-Hop-Off-praga-300x169.jpg 300w\" sizes=\"(max-width: 450px) 100vw, 450px\" \/><\/a><figcaption>Tour en bus turistico hop-on hop-off, Praga<\/figcaption><\/figure>\n\n\n\n<p>Los autobuses tur\u00edsticos son una alternativa v\u00e1lida al transporte p\u00fablico.<\/p>\n\n\n\n<p>Inf\u00f3rmate de las paradas, los precios y compra los billetes<\/p>\n\n\n\n<div class=\"wp-block-buttons alignwide is-horizontal is-content-justification-center is-layout-flex wp-container-core-buttons-layout-4 wp-block-buttons-is-layout-flex\">\n<div class=\"wp-block-button\"><a class=\"wp-block-button__link has-white-color has-vivid-red-background-color has-text-color has-background\" href=\"https:\/\/praga.org\/es\/tour-de-praga\/tour-en-autobus-bus-hop-on-hop-off-por-praga\/\">Bus turisticos<\/a><\/div>\n<\/div>\n<\/div>\n<\/div>\n","protected":false},"excerpt":{"rendered":"<p>Crucero por el Moldava Un paseo en barco por el r\u00edo Moldava siempre debe incluirse en la lista de cosas que hacer en Praga, descubras los diferentes tipos, entre los cuales encontrar\u00e1s el m\u00e1s adecuado para ti. Excursiones de un d\u00eda desde Praga Aunque Praga tiene mucho que ofrecer, no te pierdas al menos una [&hellip;]<\/p>\n","protected":false},"author":5,"featured_media":0,"parent":0,"menu_order":0,"comment_status":"closed","ping_status":"closed","template":"","meta":{"footnotes":""},"yoast_head":"<!-- This site is optimized with the Yoast SEO plugin v22.8 - https:\/\/yoast.com\/wordpress\/plugins\/seo\/ -->\n<title>Tours de Praga: los 10 mejores tours y actividades imperdibles<\/title>\n<meta name=\"description\" content=\"Descubre todos los tours imperdibles en Praga, excursiones fuera de la ciudad y las actividades m\u00e1s bonitas.\" \/>\n<meta name=\"robots\" content=\"index, follow, max-snippet:-1, max-image-preview:large, max-video-preview:-1\" \/>\n<link rel=\"canonical\" href=\"https:\/\/praga.org\/es\/tour-de-praga\/\" \/>\n<meta property=\"og:locale\" content=\"es_ES\" \/>\n<meta property=\"og:type\" content=\"article\" \/>\n<meta property=\"og:title\" content=\"Tours de Praga: los 10 mejores tours y actividades imperdibles\" \/>\n<meta property=\"og:description\" content=\"Descubre todos los tours imperdibles en Praga, excursiones fuera de la ciudad y las actividades m\u00e1s bonitas.\" \/>\n<meta property=\"og:url\" content=\"https:\/\/praga.org\/es\/tour-de-praga\/\" \/>\n<meta property=\"og:site_name\" content=\"praga.org\" \/>\n<meta property=\"article:publisher\" content=\"https:\/\/www.facebook.com\/praga.org\/\" \/>\n<meta property=\"article:modified_time\" content=\"2022-11-21T15:48:03+00:00\" \/>\n<meta property=\"og:image\" content=\"https:\/\/praga.org\/wp-content\/uploads\/2019\/01\/crociera-sulla-moldava.jpg\" \/>\n<meta name=\"twitter:card\" content=\"summary_large_image\" \/>\n<meta name=\"twitter:label1\" content=\"Est. reading time\" \/>\n\t<meta name=\"twitter:data1\" content=\"2 minutes\" \/>\n<script type=\"application\/ld+json\" class=\"yoast-schema-graph\">{\"@context\":\"https:\/\/schema.org\",\"@graph\":[{\"@type\":\"WebPage\",\"@id\":\"https:\/\/praga.org\/es\/tour-de-praga\/\",\"url\":\"https:\/\/praga.org\/es\/tour-de-praga\/\",\"name\":\"Tours de Praga: los 10 mejores tours y actividades imperdibles\",\"isPartOf\":{\"@id\":\"https:\/\/praga.org\/#website\"},\"primaryImageOfPage\":{\"@id\":\"https:\/\/praga.org\/es\/tour-de-praga\/#primaryimage\"},\"image\":{\"@id\":\"https:\/\/praga.org\/es\/tour-de-praga\/#primaryimage\"},\"thumbnailUrl\":\"https:\/\/praga.org\/wp-content\/uploads\/2019\/01\/crociera-sulla-moldava.jpg\",\"datePublished\":\"2021-06-18T09:33:27+00:00\",\"dateModified\":\"2022-11-21T15:48:03+00:00\",\"description\":\"Descubre todos los tours imperdibles en Praga, excursiones fuera de la ciudad y las actividades m\u00e1s bonitas.\",\"inLanguage\":\"es-ES\",\"potentialAction\":[{\"@type\":\"ReadAction\",\"target\":[\"https:\/\/praga.org\/es\/tour-de-praga\/\"]}]},{\"@type\":\"ImageObject\",\"inLanguage\":\"es-ES\",\"@id\":\"https:\/\/praga.org\/es\/tour-de-praga\/#primaryimage\",\"url\":\"https:\/\/praga.org\/wp-content\/uploads\/2019\/01\/crociera-sulla-moldava.jpg\",\"contentUrl\":\"https:\/\/praga.org\/wp-content\/uploads\/2019\/01\/crociera-sulla-moldava.jpg\"},{\"@type\":\"WebSite\",\"@id\":\"https:\/\/praga.org\/#website\",\"url\":\"https:\/\/praga.org\/\",\"name\":\"praga.org\",\"description\":\"Guida completa per un viaggio a Praga\",\"potentialAction\":[{\"@type\":\"SearchAction\",\"target\":{\"@type\":\"EntryPoint\",\"urlTemplate\":\"https:\/\/praga.org\/?s={search_term_string}\"},\"query-input\":\"required name=search_term_string\"}],\"inLanguage\":\"es-ES\"}]}<\/script>\n<!-- \/ Yoast SEO plugin. -->","yoast_head_json":{"title":"Tours de Praga: los 10 mejores tours y actividades imperdibles","description":"Descubre todos los tours imperdibles en Praga, excursiones fuera de la ciudad y las actividades m\u00e1s bonitas.","robots":{"index":"index","follow":"follow","max-snippet":"max-snippet:-1","max-image-preview":"max-image-preview:large","max-video-preview":"max-video-preview:-1"},"canonical":"https:\/\/praga.org\/es\/tour-de-praga\/","og_locale":"es_ES","og_type":"article","og_title":"Tours de Praga: los 10 mejores tours y actividades imperdibles","og_description":"Descubre todos los tours imperdibles en Praga, excursiones fuera de la ciudad y las actividades m\u00e1s bonitas.","og_url":"https:\/\/praga.org\/es\/tour-de-praga\/","og_site_name":"praga.org","article_publisher":"https:\/\/www.facebook.com\/praga.org\/","article_modified_time":"2022-11-21T15:48:03+00:00","og_image":[{"url":"https:\/\/praga.org\/wp-content\/uploads\/2019\/01\/crociera-sulla-moldava.jpg"}],"twitter_card":"summary_large_image","twitter_misc":{"Est. reading time":"2 minutes"},"schema":{"@context":"https:\/\/schema.org","@graph":[{"@type":"WebPage","@id":"https:\/\/praga.org\/es\/tour-de-praga\/","url":"https:\/\/praga.org\/es\/tour-de-praga\/","name":"Tours de Praga: los 10 mejores tours y actividades imperdibles","isPartOf":{"@id":"https:\/\/praga.org\/#website"},"primaryImageOfPage":{"@id":"https:\/\/praga.org\/es\/tour-de-praga\/#primaryimage"},"image":{"@id":"https:\/\/praga.org\/es\/tour-de-praga\/#primaryimage"},"thumbnailUrl":"https:\/\/praga.org\/wp-content\/uploads\/2019\/01\/crociera-sulla-moldava.jpg","datePublished":"2021-06-18T09:33:27+00:00","dateModified":"2022-11-21T15:48:03+00:00","description":"Descubre todos los tours imperdibles en Praga, excursiones fuera de la ciudad y las actividades m\u00e1s bonitas.","inLanguage":"es-ES","potentialAction":[{"@type":"ReadAction","target":["https:\/\/praga.org\/es\/tour-de-praga\/"]}]},{"@type":"ImageObject","inLanguage":"es-ES","@id":"https:\/\/praga.org\/es\/tour-de-praga\/#primaryimage","url":"https:\/\/praga.org\/wp-content\/uploads\/2019\/01\/crociera-sulla-moldava.jpg","contentUrl":"https:\/\/praga.org\/wp-content\/uploads\/2019\/01\/crociera-sulla-moldava.jpg"},{"@type":"WebSite","@id":"https:\/\/praga.org\/#website","url":"https:\/\/praga.org\/","name":"praga.org","description":"Guida completa per un viaggio a Praga","potentialAction":[{"@type":"SearchAction","target":{"@type":"EntryPoint","urlTemplate":"https:\/\/praga.org\/?s={search_term_string}"},"query-input":"required name=search_term_string"}],"inLanguage":"es-ES"}]}},"_links":{"self":[{"href":"https:\/\/praga.org\/es\/wp-json\/wp\/v2\/pages\/4676"}],"collection":[{"href":"https:\/\/praga.org\/es\/wp-json\/wp\/v2\/pages"}],"about":[{"href":"https:\/\/praga.org\/es\/wp-json\/wp\/v2\/types\/page"}],"author":[{"embeddable":true,"href":"https:\/\/praga.org\/es\/wp-json\/wp\/v2\/users\/5"}],"replies":[{"embeddable":true,"href":"https:\/\/praga.org\/es\/wp-json\/wp\/v2\/comments?post=4676"}],"version-history":[{"count":1,"href":"https:\/\/praga.org\/es\/wp-json\/wp\/v2\/pages\/4676\/revisions"}],"predecessor-version":[{"id":5917,"href":"https:\/\/praga.org\/es\/wp-json\/wp\/v2\/pages\/4676\/revisions\/5917"}],"wp:attachment":[{"href":"https:\/\/praga.org\/es\/wp-json\/wp\/v2\/media?parent=4676"}],"curies":[{"name":"wp","href":"https:\/\/api.w.org\/{rel}","templated":true}]}}