{"id":4656,"date":"2021-06-17T10:15:43","date_gmt":"2021-06-17T08:15:43","guid":{"rendered":"https:\/\/praga.org\/?page_id=4656"},"modified":"2022-10-24T15:36:03","modified_gmt":"2022-10-24T13:36:03","slug":"las-5-mejores-cervecerias-de-praga","status":"publish","type":"page","link":"https:\/\/praga.org\/es\/donde-comer-en-praga\/las-5-mejores-cervecerias-de-praga\/","title":{"rendered":"Las 5 mejores cervecer\u00edas de Praga"},"content":{"rendered":"\n<p>En la Rep\u00fablica Checa, <strong>la bebida m\u00e1s com\u00fan no es el agua, sino la cerveza<\/strong>. Hay muchas variedades, que se sirven en todo tipo de lugar y en todo momento, incluso para el desayuno. <\/p>\n\n\n\n<p>La historia de la cerveza praguense <strong>est\u00e1 ligada a los monasterios que hab\u00eda en la ciudad<\/strong> y en los que, a partir del 993, se empez\u00f3 a producir.<\/p>\n\n\n\n<p>Solo los ciudadanos checos pod\u00edan elaborar cerveza y, por lo tanto, cada casa ten\u00eda una peque\u00f1a cervecer\u00eda adjunta. Hoy en d\u00eda, casi toda la producci\u00f3n de cerveza de Praga es prerrogativa de la f\u00e1brica de cerveza Staropramen, que fue fundada en 1869, mientras que la m\u00e1s antigua naci\u00f3 en 1499 y se llama U Fleku.<\/p>\n\n\n\n<p>Quienes vienen de vacaciones a la capital checa, adem\u00e1s de los platos t\u00edpicos de la tradici\u00f3n culinaria, por lo tanto, no se puede perder los muchos tipos de cerveza, que ofrecen los distintos lugares.<\/p>\n\n\n\n<p>Para los amantes de esta bebida, el recorrido por las cervecer\u00edas de la ciudad <strong>se convertir\u00e1 en un emocionante viaje a trav\u00e9s de colores y sabores en constante cambio<\/strong>. <\/p>\n\n\n\n<p>De hecho, puede suceder que una misma cerveza sepa diferente de un lugar a otro, esto sucede porque algunas cervecer\u00edas, alrededor de 180 en todo el pa\u00eds, pueden servirla incluso en su versi\u00f3n no pasteurizada y que se toma directamente. <\/p>\n\n\n\n<p>Pero, \u00bfcu\u00e1les son las mejores cervecer\u00edas de Praga, d\u00f3nde, expertos o no, deber\u00edan visitar?<\/p>\n\n\n\n\n\n<h2 class=\"wp-block-heading\">Pivnice U Fleku<\/h2>\n\n\n<div class=\"wp-block-image\">\n<figure class=\"aligncenter size-large\"><a href=\"https:\/\/praga.org\/wp-content\/uploads\/2017\/02\/birreria-pivnice-u-fleku.jpg\"><img decoding=\"async\" width=\"700\" height=\"467\" src=\"https:\/\/praga.org\/wp-content\/uploads\/2017\/02\/birreria-pivnice-u-fleku.jpg\" alt=\"Cervecer\u00eda pivnice u fleku, Praga\" class=\"wp-image-3859\" srcset=\"https:\/\/praga.org\/wp-content\/uploads\/2017\/02\/birreria-pivnice-u-fleku.jpg 700w, https:\/\/praga.org\/wp-content\/uploads\/2017\/02\/birreria-pivnice-u-fleku-300x200.jpg 300w\" sizes=\"(max-width: 700px) 100vw, 700px\" \/><\/a><figcaption>Las mejores cervecer\u00edas de Praga<\/figcaption><\/figure><\/div>\n\n\n<p>Empecemos el recorrido por las f\u00e1bricas de cerveza de Praga, <strong>comenzando, entonces, por la m\u00e1s antigua<\/strong>. Esta es la <strong>peque\u00f1a cervecer\u00eda &#8220;Pivnice U Fleku&#8221;<\/strong>, donde no puedes evitar una visita.<\/p>\n\n\n\n<p>Fundada en 1499, <strong>se reconoce gracias a un antiguo reloj en la fachada<\/strong> que se ha convertido en su s\u00edmbolo. <\/p>\n\n\n\n<p>El restaurante te da la oportunidad de sentarte al aire libre y elegir entre ocho salas, donde todo es muy r\u00fastico: mesas de madera, paredes decoradas con paneles de madera oscura con decoraciones variadas, inevitable, luego, de fondo, la m\u00fasica del acorde\u00f3n tocada en vivo.<\/p>\n\n\n\n<p>&#8220;Pivnice Fleku&#8221; <strong>ofrece a sus clientes solo un tipo de cerveza que se produce all\u00ed<\/strong> y que no se puede encontrar en ning\u00fan otro lugar, <strong>Flekovsky Tmavy Lez\u00e1k 13\u00b0<\/strong>, una muy buena cerveza negra. <\/p>\n\n\n\n<p>En comparaci\u00f3n con otras cervecer\u00edas, los precios son un poco m\u00e1s altos y esto se debe a su historia, que hace de esta cervecer\u00eda una pieza muy importante de la tradici\u00f3n de Praga. &#8220;Pivnice U Fleku&#8221; es accesible.<\/p>\n\n\n\n<h3 class=\"wp-block-heading\">Donde est\u00e1 y como llegar<\/h3>\n\n\n\n<p>Se encuentra en la parte de la Ciudad Vieja (Stare Mesto, en checo), en la calle Kremenkova, 11. Tranv\u00eda: l\u00ednea 5 estaci\u00f3n Mysl\u00edkova<\/p>\n\n\n\n<h2 class=\"wp-block-heading\">Pivnice U Medvidku<\/h2>\n\n\n\n<p>Igualmente antigua es esta f\u00e1brica de cerveza, cuya origen se remonta a la segunda mitad del siglo XV. <\/p>\n\n\n\n<p>&#8220;Pivnice U Medvidku&#8221; tiene una ambientaci\u00f3n muy particular, pues <strong>en la planta baja hay un restaurante<\/strong>, mientras que, <strong>subiendo a la planta superior, se entra a una cervecer\u00eda muy peque\u00f1a<\/strong>, donde se pueden degustar las cervezas, que se producen aqu\u00ed mismo como la especialidad de la cerveza Oldgott, que se puede comprar tanto de barril como embotellada. <\/p>\n\n\n\n<p>Adem\u00e1s de esta cerveza de elaboraci\u00f3n propia, <strong>tambi\u00e9n puedes probar Budvar<\/strong>. Esta cervecer\u00eda tiene precios m\u00e1s asequibles que la anterior y no es apta para usuarios de sillas de ruedas.<\/p>\n\n\n\n<h3 class=\"wp-block-heading\">Donde est\u00e1 y como llegar<\/h3>\n\n\n\n<p>Se encuentra en el casco antiguo, en la zona de Na Perstyne 345\/7. Metro: l\u00ednea B estaci\u00f3n N\u00e1rodn\u00ed t\u0159\u00edda<\/p>\n\n\n\n<h2 class=\"wp-block-heading\">U Cerneho Vola<\/h2>\n\n\n\n<p>Esta cervecer\u00eda, nacida en los a\u00f1os 60, no es muy tur\u00edstica y el ambiente es muy informal. <\/p>\n\n\n\n<p><strong>Te sientas en mesas grandes, junto con el resto de clientes<\/strong>, donde puedes beber una, o incluso m\u00e1s, cerveza Velkopopovicky Kozel, <strong>que es una cerveza oscura con un sabor muy particular<\/strong>, pero tambi\u00e9n puedes probar la versi\u00f3n light. <\/p>\n\n\n\n<p>&#8220;U Cerneho Vola&#8221; est\u00e1 ubicado en un sugerente edificio del siglo XIX y, al entrar, parece retroceder en el tiempo. <\/p>\n\n\n\n<p><strong>Los precios son econ\u00f3micos<\/strong>, incluso para platos que se pueden acompa\u00f1ar de cerveza. La cervecer\u00eda no es accesible para sillas de ruedas.<\/p>\n\n\n\n<h3 class=\"wp-block-heading\">D\u00f3nde est\u00e1<\/h3>\n\n\n\n<p>Se encuentra cerca del <a href=\"https:\/\/praga.org\/es\/que-ver-en-praga\/castillo-de-praga\/\">Castillo de Praga<\/a>, en la calle Loretanske Namesti 1. Tranv\u00eda: l\u00ednea 22 estaci\u00f3n Poho\u0159elec<\/p>\n\n\n\n<h2 class=\"wp-block-heading\">Pivovarsky Dum<\/h2>\n\n\n\n<p>Es una de las cervecer\u00edas que <strong>ofrece a sus clientes cervezas sin filtrar y sin pasteurizar<\/strong>, pero tambi\u00e9n cervezas de trigo de alta fermentaci\u00f3n, m\u00e1s ligeras, como Svetle, y m\u00e1s oscuras, como Tmave.<\/p>\n\n\n\n<p>Absolutamente para probar, entonces, son las cervezas aromatizadas de varias maneras: pl\u00e1tano, cereza, caf\u00e9 o ortiga. <\/p>\n\n\n\n<p>Tambi\u00e9n hay una cervecer\u00eda muy peque\u00f1a aqu\u00ed. El &#8220;Pivovrasky Dum&#8221; naci\u00f3 reci\u00e9n en 1998, por lo que tiene una tradici\u00f3n muy joven, que se ve claramente en el marco moderno del restaurante y en las ganas de experimentar. <\/p>\n\n\n\n<p>Los precios son moderados y el restaurante no est\u00e1 adaptado para sillas de ruedas.<\/p>\n\n\n\n<h3 class=\"wp-block-heading\">D\u00f3nde est\u00e1 y como llegar<\/h3>\n\n\n\n<p>Se encuentra en la parte de la <a href=\"https:\/\/praga.org\/es\/que-ver-en-praga\/nove-mesto-praga\/\">Ciudad Nueva<\/a> (Nove Mesto), en la direcci\u00f3n Calle Lipova, 15. Tranv\u00eda: l\u00edneas 1, 4, 6, 10 estaci\u00f3n \u0160t\u011bp\u00e1nsk\u00e1.<\/p>\n\n\n\n<h2 class=\"wp-block-heading\">U Zlateho Tygra<\/h2>\n\n\n\n<p><strong>Es una de las cervecer\u00edas m\u00e1s reconocidas de Praga<\/strong> y, por esta raz\u00f3n, siempre est\u00e1 muy concurrida. Tambi\u00e9n en este lugar se puede beber la cerveza sin pasteurizar y, exactamente, la Pilsner Urquell, que tiene un sabor muy diferente al que se toma fuera de la Rep\u00fablica Checa.<\/p>\n\n\n\n<p>El restaurante es muy sencillo y tradicional, todo en perfecto estilo de Praga y en la puerta de entrada se encuentra la estatua de un tigre. Los precios son bastante econ\u00f3micos. Esta cervecer\u00eda, a diferencia de las anteriores, no abre por la ma\u00f1ana, sino a partir de las 3 de la tarde y tampoco es accesible.<\/p>\n\n\n\n<h3 class=\"wp-block-heading\">D\u00f3nde est\u00e1 y como llegar<\/h3>\n\n\n\n<p>La f\u00e1brica de cerveza est\u00e1 en la parte de la <a href=\"https:\/\/praga.org\/es\/que-ver-en-praga\/stare-mesto-la-ciudad-vieja-de-praga\/\">Ciudad Vieja<\/a>, en el \u00e1rea de Husova 228\/17. Metro: l\u00ednea A estaci\u00f3n Starom\u011bstsk\u00e1<\/p>\n","protected":false},"excerpt":{"rendered":"<p>En la Rep\u00fablica Checa, la bebida m\u00e1s com\u00fan no es el agua, sino la cerveza. Hay muchas variedades, que se sirven en todo tipo de lugar y en todo momento, incluso para el desayuno. La historia de la cerveza praguense est\u00e1 ligada a los monasterios que hab\u00eda en la ciudad y en los que, a [&hellip;]<\/p>\n","protected":false},"author":5,"featured_media":3861,"parent":4623,"menu_order":0,"comment_status":"open","ping_status":"closed","template":"","meta":{"footnotes":""},"yoast_head":"<!-- This site is optimized with the Yoast SEO plugin v22.8 - https:\/\/yoast.com\/wordpress\/plugins\/seo\/ -->\n<title>Las 5 mejores cervecer\u00edas hist\u00f3ricas de Praga<\/title>\n<meta name=\"description\" content=\"Si quieres probar una cerveza como no hay otras en el mundo, entonces debes tomar una en esta fabrica de cerveza de Praga.\" \/>\n<meta name=\"robots\" content=\"index, follow, max-snippet:-1, max-image-preview:large, max-video-preview:-1\" \/>\n<link rel=\"canonical\" href=\"https:\/\/praga.org\/es\/donde-comer-en-praga\/las-5-mejores-cervecerias-de-praga\/\" \/>\n<meta property=\"og:locale\" content=\"es_ES\" \/>\n<meta property=\"og:type\" content=\"article\" \/>\n<meta property=\"og:title\" content=\"Las 5 mejores cervecer\u00edas hist\u00f3ricas de Praga\" \/>\n<meta property=\"og:description\" content=\"Si quieres probar una cerveza como no hay otras en el mundo, entonces debes tomar una en esta fabrica de cerveza de Praga.\" \/>\n<meta property=\"og:url\" content=\"https:\/\/praga.org\/es\/donde-comer-en-praga\/las-5-mejores-cervecerias-de-praga\/\" \/>\n<meta property=\"og:site_name\" content=\"praga.org\" \/>\n<meta property=\"article:publisher\" content=\"https:\/\/www.facebook.com\/praga.org\/\" \/>\n<meta property=\"article:modified_time\" content=\"2022-10-24T13:36:03+00:00\" \/>\n<meta property=\"og:image\" content=\"https:\/\/praga.org\/wp-content\/uploads\/2017\/02\/le-migliori-birrerie.jpg\" \/>\n\t<meta property=\"og:image:width\" content=\"750\" \/>\n\t<meta property=\"og:image:height\" content=\"500\" \/>\n\t<meta property=\"og:image:type\" content=\"image\/jpeg\" \/>\n<meta name=\"twitter:card\" content=\"summary_large_image\" \/>\n<meta name=\"twitter:label1\" content=\"Est. reading time\" \/>\n\t<meta name=\"twitter:data1\" content=\"5 minutes\" \/>\n<script type=\"application\/ld+json\" class=\"yoast-schema-graph\">{\"@context\":\"https:\/\/schema.org\",\"@graph\":[{\"@type\":\"WebPage\",\"@id\":\"https:\/\/praga.org\/es\/donde-comer-en-praga\/las-5-mejores-cervecerias-de-praga\/\",\"url\":\"https:\/\/praga.org\/es\/donde-comer-en-praga\/las-5-mejores-cervecerias-de-praga\/\",\"name\":\"Las 5 mejores cervecer\u00edas hist\u00f3ricas de Praga\",\"isPartOf\":{\"@id\":\"https:\/\/praga.org\/#website\"},\"primaryImageOfPage\":{\"@id\":\"https:\/\/praga.org\/es\/donde-comer-en-praga\/las-5-mejores-cervecerias-de-praga\/#primaryimage\"},\"image\":{\"@id\":\"https:\/\/praga.org\/es\/donde-comer-en-praga\/las-5-mejores-cervecerias-de-praga\/#primaryimage\"},\"thumbnailUrl\":\"https:\/\/praga.org\/wp-content\/uploads\/2017\/02\/le-migliori-birrerie.jpg\",\"datePublished\":\"2021-06-17T08:15:43+00:00\",\"dateModified\":\"2022-10-24T13:36:03+00:00\",\"description\":\"Si quieres probar una cerveza como no hay otras en el mundo, entonces debes tomar una en esta fabrica de cerveza de Praga.\",\"breadcrumb\":{\"@id\":\"https:\/\/praga.org\/es\/donde-comer-en-praga\/las-5-mejores-cervecerias-de-praga\/#breadcrumb\"},\"inLanguage\":\"es-ES\",\"potentialAction\":[{\"@type\":\"ReadAction\",\"target\":[\"https:\/\/praga.org\/es\/donde-comer-en-praga\/las-5-mejores-cervecerias-de-praga\/\"]}]},{\"@type\":\"ImageObject\",\"inLanguage\":\"es-ES\",\"@id\":\"https:\/\/praga.org\/es\/donde-comer-en-praga\/las-5-mejores-cervecerias-de-praga\/#primaryimage\",\"url\":\"https:\/\/praga.org\/wp-content\/uploads\/2017\/02\/le-migliori-birrerie.jpg\",\"contentUrl\":\"https:\/\/praga.org\/wp-content\/uploads\/2017\/02\/le-migliori-birrerie.jpg\",\"width\":750,\"height\":500,\"caption\":\"Las mejores cervecer\u00edas de Praga\"},{\"@type\":\"BreadcrumbList\",\"@id\":\"https:\/\/praga.org\/es\/donde-comer-en-praga\/las-5-mejores-cervecerias-de-praga\/#breadcrumb\",\"itemListElement\":[{\"@type\":\"ListItem\",\"position\":1,\"name\":\"Home\",\"item\":\"https:\/\/praga.org\/es\/donde-comer-en-praga\/\"},{\"@type\":\"ListItem\",\"position\":2,\"name\":\"Las 5 mejores cervecer\u00edas de Praga\"}]},{\"@type\":\"WebSite\",\"@id\":\"https:\/\/praga.org\/#website\",\"url\":\"https:\/\/praga.org\/\",\"name\":\"praga.org\",\"description\":\"Guida completa per un viaggio a Praga\",\"potentialAction\":[{\"@type\":\"SearchAction\",\"target\":{\"@type\":\"EntryPoint\",\"urlTemplate\":\"https:\/\/praga.org\/?s={search_term_string}\"},\"query-input\":\"required name=search_term_string\"}],\"inLanguage\":\"es-ES\"}]}<\/script>\n<!-- \/ Yoast SEO plugin. -->","yoast_head_json":{"title":"Las 5 mejores cervecer\u00edas hist\u00f3ricas de Praga","description":"Si quieres probar una cerveza como no hay otras en el mundo, entonces debes tomar una en esta fabrica de cerveza de Praga.","robots":{"index":"index","follow":"follow","max-snippet":"max-snippet:-1","max-image-preview":"max-image-preview:large","max-video-preview":"max-video-preview:-1"},"canonical":"https:\/\/praga.org\/es\/donde-comer-en-praga\/las-5-mejores-cervecerias-de-praga\/","og_locale":"es_ES","og_type":"article","og_title":"Las 5 mejores cervecer\u00edas hist\u00f3ricas de Praga","og_description":"Si quieres probar una cerveza como no hay otras en el mundo, entonces debes tomar una en esta fabrica de cerveza de Praga.","og_url":"https:\/\/praga.org\/es\/donde-comer-en-praga\/las-5-mejores-cervecerias-de-praga\/","og_site_name":"praga.org","article_publisher":"https:\/\/www.facebook.com\/praga.org\/","article_modified_time":"2022-10-24T13:36:03+00:00","og_image":[{"width":750,"height":500,"url":"https:\/\/praga.org\/wp-content\/uploads\/2017\/02\/le-migliori-birrerie.jpg","type":"image\/jpeg"}],"twitter_card":"summary_large_image","twitter_misc":{"Est. reading time":"5 minutes"},"schema":{"@context":"https:\/\/schema.org","@graph":[{"@type":"WebPage","@id":"https:\/\/praga.org\/es\/donde-comer-en-praga\/las-5-mejores-cervecerias-de-praga\/","url":"https:\/\/praga.org\/es\/donde-comer-en-praga\/las-5-mejores-cervecerias-de-praga\/","name":"Las 5 mejores cervecer\u00edas hist\u00f3ricas de Praga","isPartOf":{"@id":"https:\/\/praga.org\/#website"},"primaryImageOfPage":{"@id":"https:\/\/praga.org\/es\/donde-comer-en-praga\/las-5-mejores-cervecerias-de-praga\/#primaryimage"},"image":{"@id":"https:\/\/praga.org\/es\/donde-comer-en-praga\/las-5-mejores-cervecerias-de-praga\/#primaryimage"},"thumbnailUrl":"https:\/\/praga.org\/wp-content\/uploads\/2017\/02\/le-migliori-birrerie.jpg","datePublished":"2021-06-17T08:15:43+00:00","dateModified":"2022-10-24T13:36:03+00:00","description":"Si quieres probar una cerveza como no hay otras en el mundo, entonces debes tomar una en esta fabrica de cerveza de Praga.","breadcrumb":{"@id":"https:\/\/praga.org\/es\/donde-comer-en-praga\/las-5-mejores-cervecerias-de-praga\/#breadcrumb"},"inLanguage":"es-ES","potentialAction":[{"@type":"ReadAction","target":["https:\/\/praga.org\/es\/donde-comer-en-praga\/las-5-mejores-cervecerias-de-praga\/"]}]},{"@type":"ImageObject","inLanguage":"es-ES","@id":"https:\/\/praga.org\/es\/donde-comer-en-praga\/las-5-mejores-cervecerias-de-praga\/#primaryimage","url":"https:\/\/praga.org\/wp-content\/uploads\/2017\/02\/le-migliori-birrerie.jpg","contentUrl":"https:\/\/praga.org\/wp-content\/uploads\/2017\/02\/le-migliori-birrerie.jpg","width":750,"height":500,"caption":"Las mejores cervecer\u00edas de Praga"},{"@type":"BreadcrumbList","@id":"https:\/\/praga.org\/es\/donde-comer-en-praga\/las-5-mejores-cervecerias-de-praga\/#breadcrumb","itemListElement":[{"@type":"ListItem","position":1,"name":"Home","item":"https:\/\/praga.org\/es\/donde-comer-en-praga\/"},{"@type":"ListItem","position":2,"name":"Las 5 mejores cervecer\u00edas de Praga"}]},{"@type":"WebSite","@id":"https:\/\/praga.org\/#website","url":"https:\/\/praga.org\/","name":"praga.org","description":"Guida completa per un viaggio a Praga","potentialAction":[{"@type":"SearchAction","target":{"@type":"EntryPoint","urlTemplate":"https:\/\/praga.org\/?s={search_term_string}"},"query-input":"required name=search_term_string"}],"inLanguage":"es-ES"}]}},"_links":{"self":[{"href":"https:\/\/praga.org\/es\/wp-json\/wp\/v2\/pages\/4656"}],"collection":[{"href":"https:\/\/praga.org\/es\/wp-json\/wp\/v2\/pages"}],"about":[{"href":"https:\/\/praga.org\/es\/wp-json\/wp\/v2\/types\/page"}],"author":[{"embeddable":true,"href":"https:\/\/praga.org\/es\/wp-json\/wp\/v2\/users\/5"}],"replies":[{"embeddable":true,"href":"https:\/\/praga.org\/es\/wp-json\/wp\/v2\/comments?post=4656"}],"version-history":[{"count":1,"href":"https:\/\/praga.org\/es\/wp-json\/wp\/v2\/pages\/4656\/revisions"}],"predecessor-version":[{"id":5875,"href":"https:\/\/praga.org\/es\/wp-json\/wp\/v2\/pages\/4656\/revisions\/5875"}],"up":[{"embeddable":true,"href":"https:\/\/praga.org\/es\/wp-json\/wp\/v2\/pages\/4623"}],"wp:featuredmedia":[{"embeddable":true,"href":"https:\/\/praga.org\/es\/wp-json\/wp\/v2\/media\/3861"}],"wp:attachment":[{"href":"https:\/\/praga.org\/es\/wp-json\/wp\/v2\/media?parent=4656"}],"curies":[{"name":"wp","href":"https:\/\/api.w.org\/{rel}","templated":true}]}}